{"id":7226,"date":"2018-12-13T14:47:09","date_gmt":"2018-12-13T14:47:09","guid":{"rendered":"https:\/\/www.monteferrolamiera.it\/swipe-slider\/"},"modified":"2022-11-17T07:27:05","modified_gmt":"2022-11-17T07:27:05","slug":"swipe-slider","status":"publish","type":"page","link":"https:\/\/www.monteferrolamiera.it\/cs\/","title":{"rendered":"Home"},"content":{"rendered":"<p>[vc_row row_btt_skin=&#8221;light&#8221; row_background_text_position=&#8221;front&#8221; row_skin=&#8221;light&#8221;][vc_column]\n<div id=\"mkdf-animated-switch-slider\" class=\"\">\n\t<div class=\"mkdf-animated-switch-slider-inner\">\n        \t\t\t                        <div class=\"mkdf-switch-slide mkdf-slide-light-skin mkdf-light-header\" data-index=\"1\">\n\t            <div class=\"mkdf-content-holder\">\n\t\t            <div class=\"mkdf-content-holder-inner\">\n\t                \t<div class=\"mkdf-item-text-holder mkdf-light\" >\n\t                \t\t<div class=\"mkdf-item-text-holder-inner\">\n\t\t\t                \t<div class=\"mkdf-text-top\">\n\t\t\t                \t\t\t\t\t\t                \t\t<div class=\"mkdf-item-title-holder\">\n\t\t\t\t                \t\t\t<div class=\"mkdf-item-title\">\n\t\t\t\t                \t\t\t\t\t\t\t\t                \t\t\t\t\t<h6 class=\"mkdf-upper-subtitle\">Monteferro Lamiera<\/h6>\n\t\t\t\t                \t\t\t\t\t\t\t\t                \t\t\t\t\t<h1 class=\"mkdf-upper-title\">Simplifying excellence<\/h1>\n\t\t\t\t                \t\t\t\t\t\t\t\t                \t\t\t<\/div>\n\t\t\t\t                \t\t<\/div>\n\t\t\t                \t\t\t\t\t                \t<\/div>\n\t\t\t                \t<div class=\"mkdf-text-bottom\">\n\t\t\t                \t\t                                                                            <h4 class=\"mkdf-item-lower-title\">\n                                            Objevte Monteferro Lamiera                                        <\/h4>\n\t\t\t                \t\t\t\t\t                \t\t<div class=\"mkdf-btn-holder mkdf-btn-light\">\n\t\t\t\t                \t\t\t\t\t    \t\t\t\t\t\t\t<a itemprop=\"url\" href=\"https:\/\/www.monteferrolamiera.it\/cs\/o-nas\/\" target=\"_self\"  class=\"mkdf-btn mkdf-btn-medium mkdf-btn-simple mkdf-item-btn mkdf-btn-custom-hover-color\"  >    <span class=\"mkdf-btn-text\">Zjistit v\u00edce<\/span>    <\/a>\t\t\t\t                \t\t\t\t\t                \t\t<\/div>\n\t\t\t                \t<\/div>\n\t\t                \t<\/div>\n\t                \t<\/div>\n\t\t            <\/div>\n\t            <\/div>\n                                                \t\t\t    <div class=\"mkdf-item-overlay mkdf-light\" style=\"background-color: #e42828\"><\/div>\n\t\t\t\t\t\t            <div class=\"mkdf-background-images-holder\">\n\t\t            \t\t\t            \t<div class=\"mkdf-item-background-image\" style=\"background-image: url(https:\/\/www.monteferrolamiera.it\/wp-content\/uploads\/2021\/04\/monteferrolamiera-IMG_6146.jpg);\" ><\/div>\n\t\t            <\/div>\n\t                        <\/div>\n            \t                    <div class=\"mkdf-switch-slide mkdf-slide-light-skin mkdf-default-header\" data-index=\"2\">\n\t            <div class=\"mkdf-content-holder\">\n\t\t            <div class=\"mkdf-content-holder-inner\">\n\t                \t<div class=\"mkdf-item-text-holder mkdf-light\" >\n\t                \t\t<div class=\"mkdf-item-text-holder-inner\">\n\t\t\t                \t<div class=\"mkdf-text-top\">\n\t\t\t                \t\t\t\t\t\t                \t\t<div class=\"mkdf-item-title-holder\">\n\t\t\t\t                \t\t\t<div class=\"mkdf-item-title\">\n\t\t\t\t                \t\t\t\t\t\t\t\t                \t\t\t\t\t<h6 class=\"mkdf-upper-subtitle\">Monteferro Lamiera<\/h6>\n\t\t\t\t                \t\t\t\t\t\t\t\t                \t\t\t\t\t<h1 class=\"mkdf-upper-title\">Na\u0161e \u0159e\u0161en\u00ed<\/h1>\n\t\t\t\t                \t\t\t\t\t\t\t\t                \t\t\t<\/div>\n\t\t\t\t                \t\t<\/div>\n\t\t\t                \t\t\t\t\t                \t<\/div>\n\t\t\t                \t<div class=\"mkdf-text-bottom\">\n\t\t\t                \t\t                                                                            <h4 class=\"mkdf-item-lower-title\">\n                                            Personalizovan\u00e1 efektivn\u00ed a technologick\u00e1 \u0159e\u0161en\u00ed                                        <\/h4>\n\t\t\t                \t\t\t\t\t                \t\t<div class=\"mkdf-btn-holder mkdf-btn-dark\">\n\t\t\t\t                \t\t\t\t\t    \t\t\t\t\t\t\t<a itemprop=\"url\" href=\"https:\/\/www.monteferrolamiera.it\/cs\/produkty-a-sluzby\/%20\" target=\"_self\"  class=\"mkdf-btn mkdf-btn-medium mkdf-btn-simple mkdf-item-btn mkdf-btn-custom-hover-color\"  >    <span class=\"mkdf-btn-text\">Zjistit v\u00edce<\/span>    <\/a>\t\t\t\t                \t\t\t\t\t                \t\t<\/div>\n\t\t\t                \t<\/div>\n\t\t                \t<\/div>\n\t                \t<\/div>\n\t\t            <\/div>\n\t            <\/div>\n                                                    \t<div class=\"mkdf-item-background-text\" data-index=\"2\">\n\t\t\t\t\t\t<div class=\"mkdf-background-text-holder\" style=\"-webkit-text-stroke-color: rgba(255,255,255,0.44)\">\n                            <span class=\"mkdf-split-text-outer\">\n\t\t\t\t\t\t\t\t<span class=\"mkdf-split-text-left-outer\">\n\t\t\t\t\t\t\t\t\t<span class=\"mkdf-split-text-left\">\n\t\t\t\t\t\t\t\t\t\tTechnologie\t\t\t\t\t\t\t\t\t<\/span>\n\t\t\t\t\t\t\t\t<\/span>\n                                <span class=\"mkdf-split-text-right\">\n                                    <span class=\"mkdf-split-text-right-inner\">\n                                        Technologie                                    <\/span>\n                                <\/span>\n                            <\/span>\n\t\t\t\t\t\t<\/div>\n\t\t\t\t\t\t<!--<div class=\"mkdf-text-holder mkdf-text-holder-right\">\n\t\t\t\t\t\t\t<div class=\"mkdf-item-text mkdf-item-text-right\">\n                                                            <\/div>\n\t\t\t\t\t\t<\/div>-->\n                \t<\/div>\n            \t                                \t\t\t    <div class=\"mkdf-item-overlay mkdf-light\" style=\"background-color: #1b1b1b\"><\/div>\n\t\t\t\t\t\t            <div class=\"mkdf-background-images-holder\">\n\t\t            \t\t\t            \t<div class=\"mkdf-item-background-image\" style=\"background-image: url(https:\/\/www.monteferrolamiera.it\/wp-content\/uploads\/2021\/04\/monteferrolamiera-IMG_4914-inverse.jpg);\" ><\/div>\n\t\t            <\/div>\n\t                        <\/div>\n            \t                    <div class=\"mkdf-switch-slide mkdf-slide-dark-skin mkdf-default-header\" data-index=\"3\">\n\t            <div class=\"mkdf-content-holder\">\n\t\t            <div class=\"mkdf-content-holder-inner\">\n\t                \t<div class=\"mkdf-item-text-holder mkdf-dark\" >\n\t                \t\t<div class=\"mkdf-item-text-holder-inner\">\n\t\t\t                \t<div class=\"mkdf-text-top\">\n\t\t\t                \t\t\t\t\t\t                \t\t<div class=\"mkdf-item-title-holder\">\n\t\t\t\t                \t\t\t<div class=\"mkdf-item-title\">\n\t\t\t\t                \t\t\t\t\t\t\t\t                \t\t\t\t\t<h6 class=\"mkdf-upper-subtitle\">Monteferro Lamiera<\/h6>\n\t\t\t\t                \t\t\t\t\t\t\t\t                \t\t\t\t\t<h1 class=\"mkdf-upper-title\">Produkty a slu\u017eby<\/h1>\n\t\t\t\t                \t\t\t\t\t\t\t\t                \t\t\t<\/div>\n\t\t\t\t                \t\t<\/div>\n\t\t\t                \t\t\t\t\t                \t<\/div>\n\t\t\t                \t<div class=\"mkdf-text-bottom\">\n\t\t\t                \t\t                                                                            <h4 class=\"mkdf-item-lower-title\">\n                                            Technologie a postupy: zjednodu\u0161en\u00ed je v\u00fdte\u010dnost                                        <\/h4>\n\t\t\t                \t\t\t\t\t                \t\t<div class=\"mkdf-btn-holder mkdf-btn-dark\">\n\t\t\t\t                \t\t\t\t\t    \t\t\t\t\t\t\t<a itemprop=\"url\" href=\"https:\/\/www.monteferrolamiera.it\/cs\/technologie-a-postupy\/\" target=\"_self\"  class=\"mkdf-btn mkdf-btn-medium mkdf-btn-simple mkdf-item-btn mkdf-btn-custom-hover-color\"  >    <span class=\"mkdf-btn-text\">Scopri di pi\u00f9<\/span>    <\/a>\t\t\t\t                \t\t\t\t\t                \t\t<\/div>\n\t\t\t                \t<\/div>\n\t\t                \t<\/div>\n\t                \t<\/div>\n\t\t            <\/div>\n\t            <\/div>\n                                                    \t<div class=\"mkdf-item-background-text\" data-index=\"3\">\n\t\t\t\t\t\t<div class=\"mkdf-background-text-holder\" style=\"-webkit-text-stroke-color: rgba(27,27,27,0.44)\">\n                            <span class=\"mkdf-split-text-outer\">\n\t\t\t\t\t\t\t\t<span class=\"mkdf-split-text-left-outer\">\n\t\t\t\t\t\t\t\t\t<span class=\"mkdf-split-text-left\">\n\t\t\t\t\t\t\t\t\t\tSlu\u017eby\t\t\t\t\t\t\t\t\t<\/span>\n\t\t\t\t\t\t\t\t<\/span>\n                                <span class=\"mkdf-split-text-right\">\n                                    <span class=\"mkdf-split-text-right-inner\">\n                                        Slu\u017eby                                    <\/span>\n                                <\/span>\n                            <\/span>\n\t\t\t\t\t\t<\/div>\n\t\t\t\t\t\t<!--<div class=\"mkdf-text-holder mkdf-text-holder-right\">\n\t\t\t\t\t\t\t<div class=\"mkdf-item-text mkdf-item-text-right\">\n                                                            <\/div>\n\t\t\t\t\t\t<\/div>-->\n                \t<\/div>\n            \t                                \t\t\t    <div class=\"mkdf-item-overlay mkdf-dark\" style=\"background-color: #ffffff\"><\/div>\n\t\t\t\t\t\t            <div class=\"mkdf-background-images-holder\">\n\t\t            \t\t\t            \t<div class=\"mkdf-item-background-image\" style=\"background-image: url(https:\/\/www.monteferrolamiera.it\/wp-content\/uploads\/2021\/04\/monteferrolamiera-IMG_4638.jpg);\" ><\/div>\n\t\t            <\/div>\n\t                        <\/div>\n            \t                    <div class=\"mkdf-switch-slide mkdf-slide-light-skin mkdf-default-header\" data-index=\"4\">\n\t            <div class=\"mkdf-content-holder\">\n\t\t            <div class=\"mkdf-content-holder-inner\">\n\t                \t<div class=\"mkdf-item-text-holder mkdf-light\" >\n\t                \t\t<div class=\"mkdf-item-text-holder-inner\">\n\t\t\t                \t<div class=\"mkdf-text-top\">\n\t\t\t                \t\t\t\t\t\t                \t\t<div class=\"mkdf-item-title-holder\">\n\t\t\t\t                \t\t\t<div class=\"mkdf-item-title\">\n\t\t\t\t                \t\t\t\t\t\t\t\t                \t\t\t\t\t<h6 class=\"mkdf-upper-subtitle\">Monteferro Lamiera<\/h6>\n\t\t\t\t                \t\t\t\t\t\t\t\t                \t\t\t\t\t<h1 class=\"mkdf-upper-title\">Kvalita &amp; Udr\u017eitelnost<\/h1>\n\t\t\t\t                \t\t\t\t\t\t\t\t                \t\t\t<\/div>\n\t\t\t\t                \t\t<\/div>\n\t\t\t                \t\t\t\t\t                \t<\/div>\n\t\t\t                \t<div class=\"mkdf-text-bottom\">\n\t\t\t                \t\t                                                                            <h4 class=\"mkdf-item-lower-title\">\n                                            Konkr\u00e9tn\u00ed opat\u0159en\u00ed pro udr\u017eitelnost                                        <\/h4>\n\t\t\t                \t\t\t\t\t                \t\t<div class=\"mkdf-btn-holder mkdf-btn-dark\">\n\t\t\t\t                \t\t\t\t\t    \t\t\t\t\t\t\t<a itemprop=\"url\" href=\"https:\/\/www.monteferrolamiera.it\/cs\/kvalita-a-udrzitelnost\/\" target=\"_self\"  class=\"mkdf-btn mkdf-btn-medium mkdf-btn-simple mkdf-item-btn mkdf-btn-custom-hover-color\"  >    <span class=\"mkdf-btn-text\">Zjistit v\u00edce<\/span>    <\/a>\t\t\t\t                \t\t\t\t\t                \t\t<\/div>\n\t\t\t                \t<\/div>\n\t\t                \t<\/div>\n\t                \t<\/div>\n\t\t            <\/div>\n\t            <\/div>\n                                                    \t<div class=\"mkdf-item-background-text\" data-index=\"4\">\n\t\t\t\t\t\t<div class=\"mkdf-background-text-holder\" style=\"-webkit-text-stroke-color: rgba(255,255,255,0.44)\">\n                            <span class=\"mkdf-split-text-outer\">\n\t\t\t\t\t\t\t\t<span class=\"mkdf-split-text-left-outer\">\n\t\t\t\t\t\t\t\t\t<span class=\"mkdf-split-text-left\">\n\t\t\t\t\t\t\t\t\t\tKvalita\t\t\t\t\t\t\t\t\t<\/span>\n\t\t\t\t\t\t\t\t<\/span>\n                                <span class=\"mkdf-split-text-right\">\n                                    <span class=\"mkdf-split-text-right-inner\">\n                                        Kvalita                                    <\/span>\n                                <\/span>\n                            <\/span>\n\t\t\t\t\t\t<\/div>\n\t\t\t\t\t\t<!--<div class=\"mkdf-text-holder mkdf-text-holder-right\">\n\t\t\t\t\t\t\t<div class=\"mkdf-item-text mkdf-item-text-right\">\n                                                            <\/div>\n\t\t\t\t\t\t<\/div>-->\n                \t<\/div>\n            \t                                \t\t\t    <div class=\"mkdf-item-overlay mkdf-light\" style=\"background-color: #1b1b1b\"><\/div>\n\t\t\t\t\t\t            <div class=\"mkdf-background-images-holder\">\n\t\t            \t\t\t            \t<div class=\"mkdf-item-background-image\" style=\"background-image: url(https:\/\/www.monteferrolamiera.it\/wp-content\/uploads\/2021\/04\/monteferrolamiera-IMG_5067.jpg);\" ><\/div>\n\t\t            <\/div>\n\t                        <\/div>\n            \t                \t<\/div>\n    <div class=\"mkdf-animated-switch-slider-pagination-holder\">\n        <div class=\"mkdf-animated-switch-slider-pagination mkdf-light-skin\">\n                                            <span class=\"mkdf-animated-ss-button mkdf-active\" data-index=\"1\"><\/span>\n                                            <span class=\"mkdf-animated-ss-button\" data-index=\"2\"><\/span>\n                                            <span class=\"mkdf-animated-ss-button\" data-index=\"3\"><\/span>\n                                            <span class=\"mkdf-animated-ss-button\" data-index=\"4\"><\/span>\n                    <\/div>\n    <\/div>\n<\/div>[\/vc_column][\/vc_row]<\/p>\n","protected":false},"excerpt":{"rendered":"<p>[vc_row row_btt_skin=&#8221;light&#8221; row_background_text_position=&#8221;front&#8221; row_skin=&#8221;light&#8221;][vc_column][\/vc_column][\/vc_row]<\/p>\n","protected":false},"author":1,"featured_media":0,"parent":0,"menu_order":0,"comment_status":"closed","ping_status":"closed","template":"full-width.php","meta":{"footnotes":""},"class_list":["post-7226","page","type-page","status-publish","hentry"],"_links":{"self":[{"href":"https:\/\/www.monteferrolamiera.it\/cs\/wp-json\/wp\/v2\/pages\/7226","targetHints":{"allow":["GET"]}}],"collection":[{"href":"https:\/\/www.monteferrolamiera.it\/cs\/wp-json\/wp\/v2\/pages"}],"about":[{"href":"https:\/\/www.monteferrolamiera.it\/cs\/wp-json\/wp\/v2\/types\/page"}],"author":[{"embeddable":true,"href":"https:\/\/www.monteferrolamiera.it\/cs\/wp-json\/wp\/v2\/users\/1"}],"replies":[{"embeddable":true,"href":"https:\/\/www.monteferrolamiera.it\/cs\/wp-json\/wp\/v2\/comments?post=7226"}],"version-history":[{"count":4,"href":"https:\/\/www.monteferrolamiera.it\/cs\/wp-json\/wp\/v2\/pages\/7226\/revisions"}],"predecessor-version":[{"id":7278,"href":"https:\/\/www.monteferrolamiera.it\/cs\/wp-json\/wp\/v2\/pages\/7226\/revisions\/7278"}],"wp:attachment":[{"href":"https:\/\/www.monteferrolamiera.it\/cs\/wp-json\/wp\/v2\/media?parent=7226"}],"curies":[{"name":"wp","href":"https:\/\/api.w.org\/{rel}","templated":true}]}}