{"id":7228,"date":"2021-04-13T08:12:51","date_gmt":"2021-04-13T08:12:51","guid":{"rendered":"https:\/\/www.monteferrolamiera.it\/about-us\/"},"modified":"2023-02-27T15:20:53","modified_gmt":"2023-02-27T15:20:53","slug":"o-nas","status":"publish","type":"page","link":"https:\/\/www.monteferrolamiera.it\/cs\/o-nas\/","title":{"rendered":"O n\u00e1s"},"content":{"rendered":"<p>[vc_row row_btt_skin=&#8221;light&#8221; row_background_text_position=&#8221;front&#8221; row_skin=&#8221;dark&#8221; css=&#8221;.vc_custom_1618393951536{padding-top: 100px !important;}&#8221; el_class=&#8221;empty-space-lg&#8221;][vc_column][\/vc_column][\/vc_row][vc_row row_content_width=&#8221;grid&#8221; row_btt_skin=&#8221;light&#8221; enable_bg_pattern=&#8221;yes&#8221; row_background_text_position=&#8221;front&#8221; row_skin=&#8221;dark&#8221; css=&#8221;.vc_custom_1618304677688{padding-top: 40px !important;padding-bottom: 50px !important;}&#8221; el_class=&#8221;inverse-pattern&#8221;][vc_column offset=&#8221;vc_col-lg-offset-0 vc_col-lg-12 vc_col-md-offset-0 vc_col-md-12 vc_col-sm-offset-0&#8243;]<div class=\"mkdf-elements-holder   mkdf-two-columns  mkdf-responsive-mode-1024 \" ><div class=\"mkdf-eh-item    \"  data-item-class=\"mkdf-eh-custom-8453\" data-1367-1600=\"0px 120px 8px 50px\" data-1025-1366=\"0px 21px 4px 40px\" data-769-1024=\"57px 260px 0 0px\" data-681-768=\"57px 120px 0 0px\" data-680=\"0px 0px 0 0px\">\n\t<div class=\"mkdf-eh-item-inner\">\n\t\t<div class=\"mkdf-eh-item-content mkdf-eh-custom-8453\" style=\"padding: 0px 90px 8px 80px\">\n\t\t\t<div class=\"mkdf-section-title-holder  mkdf-st-standard mkdf-st-title-left mkdf-st-normal-space \" >\n\t<div class=\"mkdf-st-inner\">\n                    <h6 class=\"mkdf-st-intro-title\" style=\"color: #e42828\">\n                Mise            <\/h6>\n        \t\t\t\t\t<h2 class=\"mkdf-st-title\" style=\"color: #1b1b1b\">\n\t\t\t\tMetoda Monteferro<br \/>\t\t\t<\/h2>\n\t\t\t\t\t\t\t<h5 class=\"mkdf-st-text\" style=\"color: #232323;font-size: 18px;line-height: 24px;font-weight: 400;margin-top: 21px\">\n\t\t\t\t<p class=\"p1\"><b>Monteferro Group <\/b>je <b>l\u00eddrem na mezin\u00e1rodn\u00edm trhu <\/b>mezi v\u00fdrobci komponent pro <b>v\u00fdtahy<\/b>. Spole\u010dnost <b>za\u010dala v\u00a0oblasti tvorby n\u00e1vod\u016f k\u00a0obsluze v\u00fdtah\u016f<\/b>, n\u00e1sledn\u011b se vyvinula a roz\u0161\u00ed\u0159ila kompetence pot\u0159ebn\u00e9 pro <b>v\u00fdvoj a v\u00fdrobu plechov\u00fdch komponent<\/b>.<\/p>\n\t\t\t<\/h5>\n\t\t\t<\/div>\n<\/div>\t\t<\/div>\n\t<\/div>\n<\/div><div class=\"mkdf-eh-item    \"  data-item-class=\"mkdf-eh-custom-7940\" data-1367-1600=\"0px 10px 0 0px\" data-1025-1366=\"0px 0px 0 0px\" data-769-1024=\"0px 0px 0 0px\" data-681-768=\"0px 0px 0 0px\" data-680=\"0px 0px 0 0px\">\n\t<div class=\"mkdf-eh-item-inner\">\n\t\t<div class=\"mkdf-eh-item-content mkdf-eh-custom-7940\" style=\"padding: 0 0 0 0\">\n\t\t\t<div class=\"mkdf-single-image-holder   \">\n    <div class=\"mkdf-si-inner\" >\n                                    <img loading=\"lazy\" decoding=\"async\" width=\"1200\" height=\"800\" src=\"https:\/\/www.monteferrolamiera.it\/wp-content\/uploads\/2021\/04\/monteferrolamiera-m-IMG_6219.jpg\" class=\"attachment-full size-full\" alt=\"Monteferro Lamiera Materiale\" srcset=\"https:\/\/www.monteferrolamiera.it\/wp-content\/uploads\/2021\/04\/monteferrolamiera-m-IMG_6219.jpg 1200w, https:\/\/www.monteferrolamiera.it\/wp-content\/uploads\/2021\/04\/monteferrolamiera-m-IMG_6219-300x200.jpg 300w, https:\/\/www.monteferrolamiera.it\/wp-content\/uploads\/2021\/04\/monteferrolamiera-m-IMG_6219-1024x683.jpg 1024w, https:\/\/www.monteferrolamiera.it\/wp-content\/uploads\/2021\/04\/monteferrolamiera-m-IMG_6219-768x512.jpg 768w\" sizes=\"auto, (max-width: 1200px) 100vw, 1200px\" \/>                        <\/div>\n<\/div>\t\t<\/div>\n\t<\/div>\n<\/div><\/div>[\/vc_column][\/vc_row][vc_row row_content_width=&#8221;grid&#8221; row_btt_skin=&#8221;light&#8221; row_background_text_position=&#8221;front&#8221; el_class=&#8221;paragraph-element&#8221; css=&#8221;.vc_custom_1618393802317{margin-top: 50px !important;}&#8221;][vc_column width=&#8221;1\/6&#8243;][\/vc_column][vc_column width=&#8221;2\/3&#8243;][vc_column_text]<\/p>\n<p class=\"p1\">Dvacetilet\u00e1 zku\u0161enost ve v\u00fdrob\u011b komponent umo\u017e\u0148uje spole\u010dnosti nab\u00edzet opravdu <b>specializovanou slu\u017ebu<\/b> v\u00a0oblasti v\u00fdrobn\u00edho procesu, kter\u00fd se skl\u00e1d\u00e1 ze <b>studie<\/b> po\u017eadovan\u00e9<b> <\/b>komponenty, <b>v\u00fdroby<\/b>, <b>mont\u00e1\u017ee<\/b> a <b>logistiky<\/b>.<\/p>\n<p>[\/vc_column_text][vc_column_text]<\/p>\n<p class=\"p1\">Prim\u00e1rn\u00edm c\u00edlem Monteferro Group je podporovat Z\u00e1kazn\u00edka b\u011bhem ur\u010den\u00ed <b>v\u00fdrobn\u00edho procesu<\/b>, kter\u00fd je pro po\u017eadovan\u00fd v\u00fdrobek <b>nejvhodn\u011bj\u0161\u00ed<\/b>, a p\u0159itom poskytovat d\u00edky maxim\u00e1ln\u00ed flexibilit\u011b <b>integrovanou<\/b> <b>slu\u017ebu<\/b>, jej\u00ed\u017e prvn\u00edm \u00fakolem je studie technick\u00e9ho \u0159e\u0161en\u00ed a nejlep\u0161\u00ed v\u00fdkonnosti, a nakonec v\u00fdroba a realizace komponenty <b>na m\u00edru<\/b> odpov\u00eddaj\u00edc\u00ed <b>logistick\u00fdm pot\u0159eb\u00e1m ka\u017ed\u00e9ho Z\u00e1kazn\u00edka<\/b>.<\/p>\n<p>[\/vc_column_text][\/vc_column][vc_column width=&#8221;1\/6&#8243;][\/vc_column][\/vc_row][vc_row row_btt_skin=&#8221;light&#8221; row_background_text_position=&#8221;front&#8221; row_skin=&#8221;dark&#8221; css=&#8221;.vc_custom_1618393892525{padding-top: 100px !important;}&#8221; el_class=&#8221;empty-space-lg&#8221;][vc_column][\/vc_column][\/vc_row][vc_row row_content_width=&#8221;grid&#8221; row_btt_skin=&#8221;light&#8221; enable_bg_pattern=&#8221;yes&#8221; row_background_text_position=&#8221;front&#8221; row_skin=&#8221;dark&#8221; css=&#8221;.vc_custom_1618309292347{padding-top: 40px !important;padding-bottom: 50px !important;}&#8221; el_class=&#8221;bg-pattern pattern-text-element&#8221;][vc_column offset=&#8221;vc_col-lg-offset-0 vc_col-lg-12 vc_col-md-offset-0 vc_col-md-12 vc_col-sm-offset-0&#8243;]<div class=\"mkdf-elements-holder   mkdf-two-columns  mkdf-responsive-mode-1024 \" ><div class=\"mkdf-eh-item    \"  data-item-class=\"mkdf-eh-custom-6053\" data-1367-1600=\"0px 10px 0 0px\" data-1025-1366=\"0px 0px 0 0px\" data-769-1024=\"0px 0px 0 0px\" data-681-768=\"0px 0px 0 0px\" data-680=\"0px 0px 0 0px\">\n\t<div class=\"mkdf-eh-item-inner\">\n\t\t<div class=\"mkdf-eh-item-content mkdf-eh-custom-6053\" style=\"padding: 0 0 0 0\">\n\t\t\t<div class=\"mkdf-single-image-holder   \">\n    <div class=\"mkdf-si-inner\" >\n                                    <img loading=\"lazy\" decoding=\"async\" width=\"1200\" height=\"800\" src=\"https:\/\/www.monteferrolamiera.it\/wp-content\/uploads\/2021\/04\/monteferrolamiera-m-IMG_5001.jpg\" class=\"attachment-full size-full\" alt=\"Monteferro Lamiera Componenti\" srcset=\"https:\/\/www.monteferrolamiera.it\/wp-content\/uploads\/2021\/04\/monteferrolamiera-m-IMG_5001.jpg 1200w, https:\/\/www.monteferrolamiera.it\/wp-content\/uploads\/2021\/04\/monteferrolamiera-m-IMG_5001-300x200.jpg 300w, https:\/\/www.monteferrolamiera.it\/wp-content\/uploads\/2021\/04\/monteferrolamiera-m-IMG_5001-1024x683.jpg 1024w, https:\/\/www.monteferrolamiera.it\/wp-content\/uploads\/2021\/04\/monteferrolamiera-m-IMG_5001-768x512.jpg 768w\" sizes=\"auto, (max-width: 1200px) 100vw, 1200px\" \/>                        <\/div>\n<\/div>\t\t<\/div>\n\t<\/div>\n<\/div><div class=\"mkdf-eh-item    \"  data-item-class=\"mkdf-eh-custom-4986\" data-1367-1600=\"0px 120px 8px 50px\" data-1025-1366=\"0px 21px 4px 40px\" data-769-1024=\"57px 260px 0 0px\" data-681-768=\"57px 120px 0 0px\" data-680=\"57px 0px 0 0px\">\n\t<div class=\"mkdf-eh-item-inner\">\n\t\t<div class=\"mkdf-eh-item-content mkdf-eh-custom-4986\" style=\"padding: 0px 90px 8px 80px\">\n\t\t\t<div class=\"mkdf-section-title-holder  mkdf-st-standard mkdf-st-title-left mkdf-st-normal-space \" >\n\t<div class=\"mkdf-st-inner\">\n                    <h6 class=\"mkdf-st-intro-title\" style=\"color: #e42828\">\n                Vid\u011bn\u00ed            <\/h6>\n        \t\t\t\t\t<h2 class=\"mkdf-st-title\" style=\"color: #1b1b1b\">\n\t\t\t\tV\u011b\u0159\u00edme v<br \/> efektivn\u00ed a technologickou spolupr\u00e1ci\t\t\t<\/h2>\n\t\t\t\t\t\t\t<h5 class=\"mkdf-st-text\" style=\"color: #232323;font-size: 18px;line-height: 24px;font-weight: 400;margin-top: 21px\">\n\t\t\t\t<p class=\"p1\">Vize Monteferro Group je zalo\u017eena na konceptu \u00fapln\u00e9ho pochopen\u00ed pot\u0159eb Z\u00e1kazn\u00edka, aby se mu poskytovaly co nejv\u00edc v\u00fdkonn\u00e9, inovativn\u00ed a flexibiln\u00ed slu\u017eby v oblasti <b>dod\u00e1n\u00ed komponent<\/b>.<b> <\/b><\/p>\n<p class=\"p1\">S rozvojem spole\u010dnosti si tedy vyty\u010dujeme \u010d\u00edm d\u00e1l slo\u017eit\u011bj\u0161\u00ed c\u00edle v oblasti <b>logistick\u00fdch slu\u017eeb<\/b> a nab\u00edz\u00edme sv\u00fdm Z\u00e1kazn\u00edk\u016fm \u00fa\u010delov\u00e9 slu\u017eby a <b>personalizovan\u00e1 \u0159e\u0161en\u00ed<\/b>.<\/p>\n\t\t\t<\/h5>\n\t\t\t<\/div>\n<\/div>\t\t<\/div>\n\t<\/div>\n<\/div><\/div>[\/vc_column][\/vc_row][vc_row row_content_width=&#8221;grid&#8221; row_btt_skin=&#8221;light&#8221; row_background_text_position=&#8221;front&#8221; row_background_text_align=&#8221;left&#8221; row_skin=&#8221;dark&#8221; row_background_text_1=&#8221;Monteferro&#8221; row_background_text_size=&#8221;180px&#8221; row_background_text_padding_left=&#8221;0px&#8221; row_background_text_padding_top=&#8221;64px&#8221; row_background_text_color=&#8221;#dedfe0&#8243; row_background_text_padding_left_1440=&#8221;0%&#8221; row_background_text_size_1440=&#8221;180px&#8221; row_background_text_size_1280=&#8221;180px&#8221; row_background_text_padding_left_1280=&#8221;0%&#8221;][vc_column]<div class=\"mkdf-elements-holder   mkdf-one-column  mkdf-responsive-mode-768 \" ><div class=\"mkdf-eh-item    \"  data-item-class=\"mkdf-eh-custom-5378\" data-1367-1600=\"141px 0 0 0\" data-1025-1366=\"141px 0 0 0\" data-769-1024=\"96px 0 0 0\" data-681-768=\"96px 0 0 0\" data-680=\"65px 0 0 0\">\n\t<div class=\"mkdf-eh-item-inner\">\n\t\t<div class=\"mkdf-eh-item-content mkdf-eh-custom-5378\" style=\"padding: 141px 0 0 0\">\n\t\t\t[vc_column_text]<\/p>\n<h1>Monteferro Group<\/h1>\n<p>[\/vc_column_text]\t\t<\/div>\n\t<\/div>\n<\/div><\/div>[\/vc_column][\/vc_row][vc_row row_content_width=&#8221;grid&#8221; row_btt_skin=&#8221;light&#8221; row_background_text_position=&#8221;front&#8221; el_class=&#8221;paragraph-element&#8221;][vc_column width=&#8221;2\/3&#8243;][vc_column_text el_class=&#8221;header&#8221;]<\/p>\n<p class=\"p1\">Spole\u010dnost <b>Monteferro Group<\/b> je ji\u017e 25 let aktivn\u011b p\u0159\u00edtomn\u00e1 na mezin\u00e1rodn\u00edm trhu jako v\u00fdrobce komponent pro v\u00fdtahy. Na sv\u011btov\u00e9m trhu zna\u010dka vynik\u00e1 d\u00edky inovac\u00edm a <b>nab\u00eddce integrovan\u00e9 slu\u017eby<\/b>, kter\u00e1 vych\u00e1z\u00ed z jednotliv\u00e9 komponenty a dost\u00e1v\u00e1 se a\u017e k\u00a0<b>subsyst\u00e9mu<\/b> pro podporu <b>z\u00e1v\u011bre\u010dn\u00e9 instalace<\/b>.<\/p>\n<p>[\/vc_column_text][vc_column_text]<\/p>\n<p class=\"p1\">Spole\u010dnost p\u016fvodn\u011b podnikala v\u00a0oblasti dod\u00e1n\u00ed <b>n\u00e1vod\u016f k obsluze v\u00fdtah\u016f<\/b> a n\u00e1sledn\u011b rozvinula sv\u00e9 kompetence a <b>vnit\u0159n\u00ed v\u00fdrobu plechov\u00fdch komponent<\/b>, d\u00edky \u010demu\u017e roz\u0161\u00ed\u0159ila <b>v\u00fdrobn\u00ed technologie<\/b> a vstoupila na <b>nov\u00e9 trhy<\/b>.<\/p>\n<p>[\/vc_column_text][\/vc_column][vc_column width=&#8221;1\/3&#8243;][\/vc_column][\/vc_row][vc_row row_content_width=&#8221;grid&#8221; row_btt_skin=&#8221;light&#8221; row_background_text_position=&#8221;front&#8221; row_skin=&#8221;dark&#8221; el_class=&#8221;section-two-images&#8221;][vc_column offset=&#8221;vc_col-lg-offset-0 vc_col-lg-6 vc_col-md-offset-0 vc_col-md-12 vc_col-sm-offset-0&#8243;]<div class=\"mkdf-elements-holder   mkdf-one-column  mkdf-responsive-mode-768 \" ><div class=\"mkdf-eh-item paragraph-element   \"  data-item-class=\"mkdf-eh-custom-6712\" data-1367-1600=\"25px 110px 0 0px\" data-1025-1366=\"0px 10px 25px 0px\" data-769-1024=\"0px 260px 50px 0px\" data-681-768=\"0px 120px 50px 0px\" data-680=\"0px 0px 50px 0px\">\n\t<div class=\"mkdf-eh-item-inner\">\n\t\t<div class=\"mkdf-eh-item-content mkdf-eh-custom-6712\" style=\"padding: 25px 110px 0 0px\">\n\t\t\t[vc_column_text el_class=&#8221;header&#8221;]<\/p>\n<p class=\"p1\">Zku\u0161enosti z\u00edskan\u00e9 v oboru umo\u017e\u0148uj\u00ed Monteferro Group vyhodnotit po\u017eadavky Z\u00e1kazn\u00edka pomoc\u00ed <b>metody taylor-made<\/b>, kter\u00e1 p\u0159edstavuje specializovanou slu\u017ebu a <b>integrovanou mont\u00e1\u017e na m\u00edru r\u016fzn\u00fdch komponent<\/b>.<\/p>\n<p>[\/vc_column_text][vc_column_text el_class=&#8221;header&#8221;]<\/p>\n<p class=\"p1\">Spole\u010dnost Monteferro Group je hrd\u00e1 na sv\u00e9 v\u00fdrobn\u00ed odd\u011blen\u00ed, kter\u00e9 vyu\u017e\u00edv\u00e1 <b>vysoce technologick\u00e9 procesy<\/b> a <b>technologicky vysp\u011bl\u00fd<\/b> park stroj\u016f.<\/p>\n<p>[\/vc_column_text][vc_column_text el_class=&#8221;header&#8221;]<\/p>\n<p class=\"p1\">V sou\u010dasn\u00e9 dob\u011b spole\u010dnost Monteferro Group roz\u0161\u00ed\u0159ila vlastn\u00ed v\u00fdrobu o dod\u00e1n\u00ed plechov\u00fdch komponent, kter\u00e9 m\u00ed\u0159\u00ed na nov\u00e9 oblasti, jako\u017eto <b>automobilov\u00fd pr\u016fmysl<\/b> a <b>chlazen\u00ed, a tak\u00e9<\/b> <b>na jin\u00e9 tr\u017en\u00ed sektory.<\/b><\/p>\n<p>[\/vc_column_text][vc_column_text el_class=&#8221;header&#8221;]<\/p>\n<p class=\"p1\">Projektov\u00e1n\u00ed na m\u00edru a vnit\u0159n\u00ed v\u00fdroba zajistily nejinovativn\u011bj\u0161\u00ed <b>personalizovanou<\/b> <b>slu\u017ebu<\/b> v oblasti <b>v\u00fdvoje<\/b> a <b>navrhov\u00e1n\u00ed<\/b>.<\/p>\n<p>[\/vc_column_text]\t\t<\/div>\n\t<\/div>\n<\/div><\/div>[\/vc_column][vc_column width=&#8221;1\/2&#8243; offset=&#8221;vc_col-lg-offset-0 vc_col-lg-3 vc_col-md-offset-0 vc_col-md-6 vc_col-sm-offset-0&#8243;]<div class=\"mkdf-single-image-holder   \">\n    <div class=\"mkdf-si-inner\" >\n                                    <img loading=\"lazy\" decoding=\"async\" width=\"302\" height=\"444\" src=\"https:\/\/www.monteferrolamiera.it\/wp-content\/uploads\/2021\/04\/monteferrolamiera-m-IMG_4731.jpg\" class=\"attachment-full size-full\" alt=\"Monteferro Lamiera Personale\" srcset=\"https:\/\/www.monteferrolamiera.it\/wp-content\/uploads\/2021\/04\/monteferrolamiera-m-IMG_4731.jpg 302w, https:\/\/www.monteferrolamiera.it\/wp-content\/uploads\/2021\/04\/monteferrolamiera-m-IMG_4731-204x300.jpg 204w\" sizes=\"auto, (max-width: 302px) 100vw, 302px\" \/>                        <\/div>\n<\/div>[\/vc_column][vc_column width=&#8221;1\/2&#8243; offset=&#8221;vc_col-lg-offset-0 vc_col-lg-3 vc_col-md-offset-0 vc_col-md-6 vc_col-sm-offset-0&#8243;]<div class=\"mkdf-single-image-holder   \">\n    <div class=\"mkdf-si-inner\" >\n                                    <img loading=\"lazy\" decoding=\"async\" width=\"303\" height=\"444\" src=\"https:\/\/www.monteferrolamiera.it\/wp-content\/uploads\/2021\/04\/monteferrolamiera-m-IMG_5024.jpg\" class=\"attachment-full size-full\" alt=\"Monteferro Lamiera Catena Montaggio\" srcset=\"https:\/\/www.monteferrolamiera.it\/wp-content\/uploads\/2021\/04\/monteferrolamiera-m-IMG_5024.jpg 303w, https:\/\/www.monteferrolamiera.it\/wp-content\/uploads\/2021\/04\/monteferrolamiera-m-IMG_5024-205x300.jpg 205w\" sizes=\"auto, (max-width: 303px) 100vw, 303px\" \/>                        <\/div>\n<\/div>[\/vc_column][\/vc_row][vc_row row_content_width=&#8221;grid&#8221; row_btt_skin=&#8221;light&#8221; content_text_aligment=&#8221;center&#8221; row_background_text_position=&#8221;front&#8221; css=&#8221;.vc_custom_1621847275360{margin-top: 75px !important;margin-left: 0px !important;padding-top: 13% !important;padding-bottom: 17.6% !important;background-image: url(https:\/\/www.monteferrolamiera.it\/wp-content\/uploads\/2021\/05\/cover-video-scaled.jpg?id=7163) !important;background-position: center !important;background-repeat: no-repeat !important;background-size: cover !important;}&#8221;][vc_column][vc_column_text]<div class=\"mkdf-video-button-holder\">\n\t\t\t\t<div class=\"mkdf-video-button-image\"><\/div>\n\t\t\t\t<a class=\"mkdf-video-button-text-holder lightbox-iframe\" style=\"height: 64px;width: 64px\" data-videoid=\"https:\/\/vimeo.com\/778480418\" href=\"https:\/\/vimeo.com\/778480418\">\n\t\t\t<span class=\"mkdf-video-button-text\">Pod\u00edvejte se na video<\/span>\n\t\t<\/a><a class=\"mkdf-video-button-play lightbox-iframe\" style=\"height: 64px;width: 64px\" data-videoid=\"https:\/\/vimeo.com\/778480418\" href=\"https:\/\/vimeo.com\/778480418\">\n\t\t<span class=\"mkdf-video-button-play-inner\">\n\t\t\t<svg x=\"0px\" y=\"0px\" width=\"15px\" height=\"15px\" viewBox=\"0 0 15 15\" style=\"enable-background:new 0 0 15 15;\" xml:space=\"preserve\">\n\t\t\t\t<polygon points=\"0,15 0,0 15,7.5 \"><\/polygon>\n\t\t\t<\/svg>\n\t\t<\/span>\n\t<\/a>\n\t<\/div>[\/vc_column_text][\/vc_column][\/vc_row][vc_row row_btt_skin=&#8221;light&#8221; row_background_text_position=&#8221;front&#8221; row_skin=&#8221;dark&#8221; css=&#8221;.vc_custom_1618393986143{padding-top: 100px !important;}&#8221; el_class=&#8221;empty-space-lg&#8221;][vc_column][\/vc_column][\/vc_row]<\/p>\n","protected":false},"excerpt":{"rendered":"<p>[vc_row row_btt_skin=&#8221;light&#8221; row_background_text_position=&#8221;front&#8221; row_skin=&#8221;dark&#8221; css=&#8221;.vc_custom_1618393951536{padding-top: 100px !important;}&#8221; el_class=&#8221;empty-space-lg&#8221;][vc_column][\/vc_column][\/vc_row][vc_row row_content_width=&#8221;grid&#8221; row_btt_skin=&#8221;light&#8221; enable_bg_pattern=&#8221;yes&#8221; row_background_text_position=&#8221;front&#8221; row_skin=&#8221;dark&#8221; css=&#8221;.vc_custom_1618304677688{padding-top: 40px !important;padding-bottom: 50px !important;}&#8221; el_class=&#8221;inverse-pattern&#8221;][vc_column offset=&#8221;vc_col-lg-offset-0 vc_col-lg-12 vc_col-md-offset-0 vc_col-md-12 vc_col-sm-offset-0&#8243;][\/vc_column][\/vc_row][vc_row row_content_width=&#8221;grid&#8221; row_btt_skin=&#8221;light&#8221; row_background_text_position=&#8221;front&#8221; el_class=&#8221;paragraph-element&#8221; css=&#8221;.vc_custom_1618393802317{margin-top: 50px !important;}&#8221;][vc_column width=&#8221;1\/6&#8243;][\/vc_column][vc_column width=&#8221;2\/3&#8243;][vc_column_text] Dvacetilet\u00e1 zku\u0161enost ve v\u00fdrob\u011b komponent umo\u017e\u0148uje spole\u010dnosti [&hellip;]<\/p>\n","protected":false},"author":1,"featured_media":0,"parent":0,"menu_order":0,"comment_status":"closed","ping_status":"closed","template":"full-width.php","meta":{"footnotes":""},"class_list":["post-7228","page","type-page","status-publish","hentry"],"_links":{"self":[{"href":"https:\/\/www.monteferrolamiera.it\/cs\/wp-json\/wp\/v2\/pages\/7228","targetHints":{"allow":["GET"]}}],"collection":[{"href":"https:\/\/www.monteferrolamiera.it\/cs\/wp-json\/wp\/v2\/pages"}],"about":[{"href":"https:\/\/www.monteferrolamiera.it\/cs\/wp-json\/wp\/v2\/types\/page"}],"author":[{"embeddable":true,"href":"https:\/\/www.monteferrolamiera.it\/cs\/wp-json\/wp\/v2\/users\/1"}],"replies":[{"embeddable":true,"href":"https:\/\/www.monteferrolamiera.it\/cs\/wp-json\/wp\/v2\/comments?post=7228"}],"version-history":[{"count":5,"href":"https:\/\/www.monteferrolamiera.it\/cs\/wp-json\/wp\/v2\/pages\/7228\/revisions"}],"predecessor-version":[{"id":7294,"href":"https:\/\/www.monteferrolamiera.it\/cs\/wp-json\/wp\/v2\/pages\/7228\/revisions\/7294"}],"wp:attachment":[{"href":"https:\/\/www.monteferrolamiera.it\/cs\/wp-json\/wp\/v2\/media?parent=7228"}],"curies":[{"name":"wp","href":"https:\/\/api.w.org\/{rel}","templated":true}]}}