{"id":7233,"date":"2021-04-14T15:11:19","date_gmt":"2021-04-14T15:11:19","guid":{"rendered":"https:\/\/www.monteferrolamiera.it\/tecnologie-e-processi\/"},"modified":"2021-06-09T12:23:03","modified_gmt":"2021-06-09T12:23:03","slug":"technologie-a-postupy","status":"publish","type":"page","link":"https:\/\/www.monteferrolamiera.it\/cs\/technologie-a-postupy\/","title":{"rendered":"Technologie a postupy"},"content":{"rendered":"<p>[vc_row row_btt_skin=&#8221;light&#8221; row_background_text_position=&#8221;front&#8221; row_skin=&#8221;light&#8221;][vc_column]<div class=\"mkdf-portfolio-fullheight-slider-holder mkdf-slide-on-mouse-scroll\"><div class=\"mkdf-portfolio-list-holder mkdf-grid-list mkdf-disable-bottom-space mkdf-pl-gallery mkdf-five-columns mkdf-no-space mkdf-pl-fullheight-slider    mkdf-pl-pag-no-pagination      mkdf-pl-default-skin\"  data-type=gallery data-skin=default-skin data-number-of-columns=five data-space-between-items=no data-number-of-items=5 data-image-proportions=full data-enable-fixed-proportions=no data-enable-image-shadow=no data-category=tecnologie-e-processi data-orderby=menu_order data-order=ASC data-item-style=fullheight-slider data-enable-title=yes data-title-tag=h4 data-enable-category=yes data-enable-count-images=yes data-enable-excerpt=no data-excerpt-length=20 data-readmore=yes data-pagination-type=no-pagination data-filter=no data-filter-order-by=name data-enable-article-animation=no data-portfolio-slider-on=yes data-enable-loop=no data-enable-autoplay=yes data-slider-speed=5000 data-slider-speed-animation=600 data-enable-navigation=no data-enable-pagination=yes data-enable-auto-width=no data-max-num-pages=1 data-next-page=2>\n\t\t<div class=\"mkdf-pl-inner mkdf-outer-space mkdf-owl-slider mkdf-list-is-slider clearfix\">\n\t\t<article class=\"mkdf-pl-item mkdf-item-space  post-7223 portfolio-item type-portfolio-item status-publish has-post-thumbnail hentry portfolio-category-technologie-a-postupy\">\n\t<div class=\"mkdf-pl-item-inner\">\n\t\t<div class=\"mkdf-pli-image-holder\" style=\"background-image: url('https:\/\/www.monteferrolamiera.it\/wp-content\/uploads\/2021\/04\/monteferrolamiera-IMG_4749.jpg')\">\n<\/div>\n<div class=\"mkdf-pli-text-holder\">\n    <div class=\"mkdf-pli-text-wrapper\">\n        <div class=\"mkdf-pli-text\">\n            \t\t<h6 class=\"mkdf-pli-category-holder\">\n\t\t\t\t\t\t\t<a itemprop=\"url\" class=\"mkdf-pli-category\" href=\"https:\/\/www.monteferrolamiera.it\/cs\/portfolio-category\/technologie-a-postupy\/\">Technologie a postupy<\/a>\n\t\t\t\t\t<\/h6>\n\t\n                <a href=\"https:\/\/www.monteferrolamiera.it\/cs\/technology\/rezani\/\">\n\t<h4 itemprop=\"name\" class=\"mkdf-pli-title entry-title\" >\n\t\t\u0158ez\u00e1n\u00ed\t<\/h4>\n    <\/a>\n\n            \n            \n    <div class=\"mkdf-pl-read-more-holder\">\n    \n    <a itemprop=\"url\" href=\"https:\/\/www.monteferrolamiera.it\/cs\/technology\/rezani\/\" target=\"_self\"  class=\"mkdf-btn mkdf-btn-medium mkdf-btn-simple\"  >\n    <span class=\"mkdf-btn-text\">Zjistit v\u00edce<\/span>\n    <\/a>\n    <\/div>\n\n            <\/div>\n    <\/div>\n<\/div>\n\t\t<a itemprop=\"url\" class=\"mkdf-pli-link mkdf-block-drag-link\" href=\"https:\/\/www.monteferrolamiera.it\/cs\/technology\/rezani\/\" target=\"_self\"><\/a>\n\t<\/div>\n<\/article><article class=\"mkdf-pl-item mkdf-item-space  post-7225 portfolio-item type-portfolio-item status-publish has-post-thumbnail hentry portfolio-category-technologie-a-postupy\">\n\t<div class=\"mkdf-pl-item-inner\">\n\t\t<div class=\"mkdf-pli-image-holder\" style=\"background-image: url('https:\/\/www.monteferrolamiera.it\/wp-content\/uploads\/2021\/04\/monteferrolamiera-IMG_4792.jpg')\">\n<\/div>\n<div class=\"mkdf-pli-text-holder\">\n    <div class=\"mkdf-pli-text-wrapper\">\n        <div class=\"mkdf-pli-text\">\n            \t\t<h6 class=\"mkdf-pli-category-holder\">\n\t\t\t\t\t\t\t<a itemprop=\"url\" class=\"mkdf-pli-category\" href=\"https:\/\/www.monteferrolamiera.it\/cs\/portfolio-category\/technologie-a-postupy\/\">Technologie a postupy<\/a>\n\t\t\t\t\t<\/h6>\n\t\n                <a href=\"https:\/\/www.monteferrolamiera.it\/cs\/technology\/ohybani\/\">\n\t<h4 itemprop=\"name\" class=\"mkdf-pli-title entry-title\" >\n\t\tOh\u00fdb\u00e1n\u00ed\t<\/h4>\n    <\/a>\n\n            \n            \n    <div class=\"mkdf-pl-read-more-holder\">\n    \n    <a itemprop=\"url\" href=\"https:\/\/www.monteferrolamiera.it\/cs\/technology\/ohybani\/\" target=\"_self\"  class=\"mkdf-btn mkdf-btn-medium mkdf-btn-simple\"  >\n    <span class=\"mkdf-btn-text\">Zjistit v\u00edce<\/span>\n    <\/a>\n    <\/div>\n\n            <\/div>\n    <\/div>\n<\/div>\n\t\t<a itemprop=\"url\" class=\"mkdf-pli-link mkdf-block-drag-link\" href=\"https:\/\/www.monteferrolamiera.it\/cs\/technology\/ohybani\/\" target=\"_self\"><\/a>\n\t<\/div>\n<\/article><article class=\"mkdf-pl-item mkdf-item-space  post-7221 portfolio-item type-portfolio-item status-publish has-post-thumbnail hentry portfolio-category-technologie-a-postupy\">\n\t<div class=\"mkdf-pl-item-inner\">\n\t\t<div class=\"mkdf-pli-image-holder\" style=\"background-image: url('https:\/\/www.monteferrolamiera.it\/wp-content\/uploads\/2021\/04\/monteferrolamiera-IMG_4899.jpg')\">\n<\/div>\n<div class=\"mkdf-pli-text-holder\">\n    <div class=\"mkdf-pli-text-wrapper\">\n        <div class=\"mkdf-pli-text\">\n            \t\t<h6 class=\"mkdf-pli-category-holder\">\n\t\t\t\t\t\t\t<a itemprop=\"url\" class=\"mkdf-pli-category\" href=\"https:\/\/www.monteferrolamiera.it\/cs\/portfolio-category\/technologie-a-postupy\/\">Technologie a postupy<\/a>\n\t\t\t\t\t<\/h6>\n\t\n                <a href=\"https:\/\/www.monteferrolamiera.it\/cs\/technology\/svarovani\/\">\n\t<h4 itemprop=\"name\" class=\"mkdf-pli-title entry-title\" >\n\t\tSva\u0159ov\u00e1n\u00ed\t<\/h4>\n    <\/a>\n\n            \n            \n    <div class=\"mkdf-pl-read-more-holder\">\n    \n    <a itemprop=\"url\" href=\"https:\/\/www.monteferrolamiera.it\/cs\/technology\/svarovani\/\" target=\"_self\"  class=\"mkdf-btn mkdf-btn-medium mkdf-btn-simple\"  >\n    <span class=\"mkdf-btn-text\">Zjistit v\u00edce<\/span>\n    <\/a>\n    <\/div>\n\n            <\/div>\n    <\/div>\n<\/div>\n\t\t<a itemprop=\"url\" class=\"mkdf-pli-link mkdf-block-drag-link\" href=\"https:\/\/www.monteferrolamiera.it\/cs\/technology\/svarovani\/\" target=\"_self\"><\/a>\n\t<\/div>\n<\/article><article class=\"mkdf-pl-item mkdf-item-space  post-7219 portfolio-item type-portfolio-item status-publish has-post-thumbnail hentry portfolio-category-technologie-a-postupy\">\n\t<div class=\"mkdf-pl-item-inner\">\n\t\t<div class=\"mkdf-pli-image-holder\" style=\"background-image: url('https:\/\/www.monteferrolamiera.it\/wp-content\/uploads\/2021\/04\/monteferrolamiera-IMG_4575.jpg')\">\n<\/div>\n<div class=\"mkdf-pli-text-holder\">\n    <div class=\"mkdf-pli-text-wrapper\">\n        <div class=\"mkdf-pli-text\">\n            \t\t<h6 class=\"mkdf-pli-category-holder\">\n\t\t\t\t\t\t\t<a itemprop=\"url\" class=\"mkdf-pli-category\" href=\"https:\/\/www.monteferrolamiera.it\/cs\/portfolio-category\/technologie-a-postupy\/\">Technologie a postupy<\/a>\n\t\t\t\t\t<\/h6>\n\t\n                <a href=\"https:\/\/www.monteferrolamiera.it\/cs\/technology\/lakovani\/\">\n\t<h4 itemprop=\"name\" class=\"mkdf-pli-title entry-title\" >\n\t\tLakov\u00e1n\u00ed\t<\/h4>\n    <\/a>\n\n            \n            \n    <div class=\"mkdf-pl-read-more-holder\">\n    \n    <a itemprop=\"url\" href=\"https:\/\/www.monteferrolamiera.it\/cs\/technology\/lakovani\/\" target=\"_self\"  class=\"mkdf-btn mkdf-btn-medium mkdf-btn-simple\"  >\n    <span class=\"mkdf-btn-text\">Zjistit v\u00edce<\/span>\n    <\/a>\n    <\/div>\n\n            <\/div>\n    <\/div>\n<\/div>\n\t\t<a itemprop=\"url\" class=\"mkdf-pli-link mkdf-block-drag-link\" href=\"https:\/\/www.monteferrolamiera.it\/cs\/technology\/lakovani\/\" target=\"_self\"><\/a>\n\t<\/div>\n<\/article><article class=\"mkdf-pl-item mkdf-item-space  post-7217 portfolio-item type-portfolio-item status-publish has-post-thumbnail hentry portfolio-category-technologie-a-postupy\">\n\t<div class=\"mkdf-pl-item-inner\">\n\t\t<div class=\"mkdf-pli-image-holder\" style=\"background-image: url('https:\/\/www.monteferrolamiera.it\/wp-content\/uploads\/2021\/04\/monteferrolamiera-IMG_4956.jpg')\">\n<\/div>\n<div class=\"mkdf-pli-text-holder\">\n    <div class=\"mkdf-pli-text-wrapper\">\n        <div class=\"mkdf-pli-text\">\n            \t\t<h6 class=\"mkdf-pli-category-holder\">\n\t\t\t\t\t\t\t<a itemprop=\"url\" class=\"mkdf-pli-category\" href=\"https:\/\/www.monteferrolamiera.it\/cs\/portfolio-category\/technologie-a-postupy\/\">Technologie a postupy<\/a>\n\t\t\t\t\t<\/h6>\n\t\n                <a href=\"https:\/\/www.monteferrolamiera.it\/cs\/technology\/montazni-linka\/\">\n\t<h4 itemprop=\"name\" class=\"mkdf-pli-title entry-title\" >\n\t\tMont\u00e1\u017en\u00ed linka\t<\/h4>\n    <\/a>\n\n            \n            \n    <div class=\"mkdf-pl-read-more-holder\">\n    \n    <a itemprop=\"url\" href=\"https:\/\/www.monteferrolamiera.it\/cs\/technology\/montazni-linka\/\" target=\"_self\"  class=\"mkdf-btn mkdf-btn-medium mkdf-btn-simple\"  >\n    <span class=\"mkdf-btn-text\">Zjistit v\u00edce<\/span>\n    <\/a>\n    <\/div>\n\n            <\/div>\n    <\/div>\n<\/div>\n\t\t<a itemprop=\"url\" class=\"mkdf-pli-link mkdf-block-drag-link\" href=\"https:\/\/www.monteferrolamiera.it\/cs\/technology\/montazni-linka\/\" target=\"_self\"><\/a>\n\t<\/div>\n<\/article>\t<\/div>\n\t\n\t<\/div><\/div>[\/vc_column][\/vc_row][vc_row row_btt_skin=&#8221;light&#8221; row_background_text_position=&#8221;back&#8221; row_skin=&#8221;light&#8221; css=&#8221;.vc_custom_1618413696272{margin-right: 0px !important;margin-left: 0px !important;}&#8221;][vc_column offset=&#8221;vc_col-lg-offset-0 vc_col-lg-3\/5 vc_col-md-offset-0 vc_col-md-12 vc_col-sm-offset-0&#8243; css=&#8221;.vc_custom_1544789042512{padding-right: 0px !important;padding-left: 0px !important;}&#8221;]<div class=\"mkdf-elements-holder   mkdf-one-column  mkdf-responsive-mode-768 \" ><div class=\"mkdf-eh-item    \"  data-item-class=\"mkdf-eh-custom-3806\" data-1367-1600=\"85px 80px 85px 93px\" data-1025-1366=\"75px 40px 75px 122px\" data-769-1024=\"100px 137px 100px 137px\" data-681-768=\"100px 64px 100px 64px\" data-680=\"75px 27px 75px 27px\">\n\t<div class=\"mkdf-eh-item-inner\">\n\t\t<div class=\"mkdf-eh-item-content mkdf-eh-custom-3806\" style=\"padding: 85px 150px 85px 305px\">\n\t\t\t<div class=\"mkdf-section-title-holder  mkdf-st-standard mkdf-st-title-left mkdf-st-normal-space \" >\n\t<div class=\"mkdf-st-inner\">\n                    <h6 class=\"mkdf-st-intro-title\" style=\"color: #e42828\">\n                Technologie a postupy            <\/h6>\n        \t\t\t\t\t<h2 class=\"mkdf-st-title\" style=\"color: #1b1b1b\">\n\t\t\t\tZjednodu\u0161en\u00ed je<br \/> v\u00fdte\u010dnost\t\t\t<\/h2>\n\t\t\t\t\t\t\t<h5 class=\"mkdf-st-text\" style=\"color: #232323;font-size: 18px;line-height: 24px;font-weight: 400;margin-top: 21px\">\n\t\t\t\t<p class=\"p1\"><b>St\u0159edem mise Monteferro Group je Z\u00e1kazn\u00edk. Zjednodu\u0161en\u00ed multifunk\u010dn\u00edch \u0159e\u0161en\u00ed je <\/b>synonymem pro v\u00fdte\u010dnost Monteferro Group. Kontrola ve\u0161ker\u00fdch proces\u016f prob\u00edh\u00e1 s maxim\u00e1ln\u00ed <b>bezpe\u010dnost\u00ed <\/b>a vysokou kvalitou obr\u00e1b\u011bn\u00ed: od <b>studie<\/b> \u0159e\u0161en\u00ed podle metody <b>taylor-made<\/b> po <b>odesl\u00e1n\u00ed komponent<\/b>.<\/p>\n<p class=\"p1\">Koncept <b>multifunk\u010dn\u00ed spole\u010dnosti<\/b> <span class=\"s2\">(one supply point)<\/span><span class=\"s3\">, <\/span>kter\u00fd spo\u010d\u00edv\u00e1 v\u00a0snadn\u00e9 komunikaci mezi dodavatelem a Z\u00e1kazn\u00edkem, umo\u017e\u0148uje sn\u00ed\u017eit n\u00e1klady a zjednodu\u0161it dod\u00e1n\u00ed.<\/p>\n<p class=\"p1\">V Monteferro Group jsme schopni pozorn\u011b p\u0159ev\u00e9st jak\u00e9koliv po\u017eadavky do vynikaj\u00edc\u00edho projektu v\u00a0oblasti <b>plechov\u00fdch komponent<\/b><span class=\"s1\"> (<\/span><span class=\"s2\">metal sheets component)<\/span><span class=\"s1\">.<\/span><\/p>\n\t\t\t<\/h5>\n\t\t\t<\/div>\n<\/div>\t\t<\/div>\n\t<\/div>\n<\/div><\/div>[\/vc_column][vc_column offset=&#8221;vc_col-lg-offset-0 vc_col-lg-2\/5 vc_col-md-offset-0 vc_col-md-12 vc_col-sm-offset-0&#8243; css=&#8221;.vc_custom_1544789057954{padding-right: 0px !important;padding-left: 0px !important;}&#8221;]<div class=\"mkdf-elements-holder   mkdf-one-column  mkdf-responsive-mode-768 \" ><div class=\"mkdf-eh-item    \"  data-item-class=\"mkdf-eh-custom-1831\" data-1367-1600=\"0 0 0 0px\" data-1025-1366=\"0 0 0 0px\" data-769-1024=\"0 137px 130px 137px\" data-681-768=\"0 64px 130px 64px\" data-680=\"0 0 0 0\">\n\t<div class=\"mkdf-eh-item-inner\">\n\t\t<div class=\"mkdf-eh-item-content mkdf-eh-custom-1831\" style=\"padding: 0 0 0 0px\">\n\t\t\t<div class=\"mkdf-single-image-holder   \">\n    <div class=\"mkdf-si-inner\" >\n                                    <img loading=\"lazy\" decoding=\"async\" width=\"1200\" height=\"900\" src=\"https:\/\/www.monteferrolamiera.it\/wp-content\/uploads\/2021\/05\/ml-m-IMG_supply-chain-1.jpg\" class=\"attachment-full size-full\" alt=\"Monteferro Lamiera Supply Chain\" srcset=\"https:\/\/www.monteferrolamiera.it\/wp-content\/uploads\/2021\/05\/ml-m-IMG_supply-chain-1.jpg 1200w, https:\/\/www.monteferrolamiera.it\/wp-content\/uploads\/2021\/05\/ml-m-IMG_supply-chain-1-300x225.jpg 300w, https:\/\/www.monteferrolamiera.it\/wp-content\/uploads\/2021\/05\/ml-m-IMG_supply-chain-1-1024x768.jpg 1024w, https:\/\/www.monteferrolamiera.it\/wp-content\/uploads\/2021\/05\/ml-m-IMG_supply-chain-1-768x576.jpg 768w\" sizes=\"auto, (max-width: 1200px) 100vw, 1200px\" \/>                        <\/div>\n<\/div>\t\t<\/div>\n\t<\/div>\n<\/div><\/div>[\/vc_column][\/vc_row]<\/p>\n","protected":false},"excerpt":{"rendered":"<p>[vc_row row_btt_skin=&#8221;light&#8221; row_background_text_position=&#8221;front&#8221; row_skin=&#8221;light&#8221;][vc_column][\/vc_column][\/vc_row][vc_row row_btt_skin=&#8221;light&#8221; row_background_text_position=&#8221;back&#8221; row_skin=&#8221;light&#8221; css=&#8221;.vc_custom_1618413696272{margin-right: 0px !important;margin-left: 0px !important;}&#8221;][vc_column offset=&#8221;vc_col-lg-offset-0 vc_col-lg-3\/5 vc_col-md-offset-0 vc_col-md-12 vc_col-sm-offset-0&#8243; css=&#8221;.vc_custom_1544789042512{padding-right: 0px !important;padding-left: 0px !important;}&#8221;][\/vc_column][vc_column offset=&#8221;vc_col-lg-offset-0 vc_col-lg-2\/5 vc_col-md-offset-0 vc_col-md-12 vc_col-sm-offset-0&#8243; css=&#8221;.vc_custom_1544789057954{padding-right: 0px !important;padding-left: 0px !important;}&#8221;][\/vc_column][\/vc_row]<\/p>\n","protected":false},"author":1,"featured_media":0,"parent":0,"menu_order":0,"comment_status":"closed","ping_status":"closed","template":"full-width.php","meta":{"footnotes":""},"class_list":["post-7233","page","type-page","status-publish","hentry"],"_links":{"self":[{"href":"https:\/\/www.monteferrolamiera.it\/cs\/wp-json\/wp\/v2\/pages\/7233","targetHints":{"allow":["GET"]}}],"collection":[{"href":"https:\/\/www.monteferrolamiera.it\/cs\/wp-json\/wp\/v2\/pages"}],"about":[{"href":"https:\/\/www.monteferrolamiera.it\/cs\/wp-json\/wp\/v2\/types\/page"}],"author":[{"embeddable":true,"href":"https:\/\/www.monteferrolamiera.it\/cs\/wp-json\/wp\/v2\/users\/1"}],"replies":[{"embeddable":true,"href":"https:\/\/www.monteferrolamiera.it\/cs\/wp-json\/wp\/v2\/comments?post=7233"}],"version-history":[{"count":3,"href":"https:\/\/www.monteferrolamiera.it\/cs\/wp-json\/wp\/v2\/pages\/7233\/revisions"}],"predecessor-version":[{"id":7236,"href":"https:\/\/www.monteferrolamiera.it\/cs\/wp-json\/wp\/v2\/pages\/7233\/revisions\/7236"}],"wp:attachment":[{"href":"https:\/\/www.monteferrolamiera.it\/cs\/wp-json\/wp\/v2\/media?parent=7233"}],"curies":[{"name":"wp","href":"https:\/\/api.w.org\/{rel}","templated":true}]}}