{"id":7237,"date":"2021-04-14T10:10:42","date_gmt":"2021-04-14T10:10:42","guid":{"rendered":"https:\/\/www.monteferrolamiera.it\/prodotti-e-servizi\/"},"modified":"2021-06-09T12:24:54","modified_gmt":"2021-06-09T12:24:54","slug":"produkty-a-sluzby","status":"publish","type":"page","link":"https:\/\/www.monteferrolamiera.it\/cs\/produkty-a-sluzby\/","title":{"rendered":"Produkty a slu\u017eby"},"content":{"rendered":"<p>[vc_row row_content_width=&#8221;grid&#8221; row_btt_skin=&#8221;light&#8221; row_background_text_position=&#8221;front&#8221; row_background_text_align=&#8221;left&#8221; row_skin=&#8221;dark&#8221; row_background_text_1=&#8221;Monteferro&#8221; row_background_text_size=&#8221;180px&#8221; row_background_text_padding_left=&#8221;0px&#8221; row_background_text_padding_top=&#8221;64px&#8221; row_background_text_color=&#8221;#dedfe0&#8243; row_background_text_padding_left_1440=&#8221;0%&#8221; row_background_text_size_1440=&#8221;180px&#8221; row_background_text_size_1280=&#8221;180px&#8221; row_background_text_padding_left_1280=&#8221;0%&#8221;][vc_column]<div class=\"mkdf-elements-holder   mkdf-one-column  mkdf-responsive-mode-768 \" ><div class=\"mkdf-eh-item    \"  data-item-class=\"mkdf-eh-custom-8262\" data-1367-1600=\"141px 0 0 0\" data-1025-1366=\"141px 0 0 0\" data-769-1024=\"96px 0 0 0\" data-681-768=\"96px 0 0 0\" data-680=\"65px 0 0 0\">\n\t<div class=\"mkdf-eh-item-inner\">\n\t\t<div class=\"mkdf-eh-item-content mkdf-eh-custom-8262\" style=\"padding: 141px 0 0 0\">\n\t\t\t[vc_column_text]<\/p>\n<h1>Jedna spole\u010dnost pro efektivn\u00ed a technologick\u00e1 \u0159e\u0161en\u00ed na m\u00edru Z\u00e1kazn\u00edka<\/h1>\n<p>[\/vc_column_text]\t\t<\/div>\n\t<\/div>\n<\/div><\/div>[\/vc_column][\/vc_row][vc_row row_content_width=&#8221;grid&#8221; row_btt_skin=&#8221;light&#8221; row_background_text_position=&#8221;front&#8221;][vc_column width=&#8221;1\/3&#8243;]<div class=\"mkdf-banner-holder  mkdf-hover-background-color mkdf-banner-info-default\">\n    <div class=\"mkdf-banner-image\">\n            <\/div>\n    <div class=\"mkdf-banner-text-holder\" style=\"padding: 35px 22px 31px 0\">\n\t    <div class=\"mkdf-banner-text-outer\">\n\t\t    <div class=\"mkdf-banner-text-inner\">\n\t\t        \t\t            <h5 class=\"mkdf-banner-subtitle\" style=\"font-size: 12px\">\n\t\t\t            Na\u0161e technick\u00e1 \u0159e\u0161en\u00ed\t\t            <\/h5>\n\t\t        \t\t        \t\t            <h4 class=\"mkdf-banner-title\" style=\"margin-top: -3px\">\n\t\t                Technick\u00e9 \u0159e\u0161en\u00ed\t                <\/h4>\n\t\t        \t\t\t\t                    <a itemprop=\"url\" href=\"https:\/\/www.monteferrolamiera.it\/cs\/produkty-a-sluzby\/#technical-solution\" target=\"_self\"  class=\"mkdf-btn mkdf-btn-medium mkdf-btn-simple\"  >\n    <span class=\"mkdf-btn-text\"><\/span>\n    <\/a>\t\t        \t\t\t<\/div>\n\t\t<\/div>\n\t<\/div>\n\t        <a itemprop=\"url\" class=\"mkdf-banner-link\" href=\"https:\/\/www.monteferrolamiera.it\/cs\/produkty-a-sluzby\/#technical-solution\" target=\"_self\"><\/a>\n    <div class=\"mkdf-banner-bottom-line\" ><\/div>\n<\/div>[vc_empty_space][\/vc_column][vc_column width=&#8221;1\/3&#8243;]<div class=\"mkdf-banner-holder  mkdf-hover-background-color mkdf-banner-info-default\">\n    <div class=\"mkdf-banner-image\">\n            <\/div>\n    <div class=\"mkdf-banner-text-holder\" style=\"padding: 35px 22px 31px 0\">\n\t    <div class=\"mkdf-banner-text-outer\">\n\t\t    <div class=\"mkdf-banner-text-inner\">\n\t\t        \t\t            <h5 class=\"mkdf-banner-subtitle\" style=\"font-size: 12px\">\n\t\t\t            Mezin\u00e1rodn\u00ed pobo\u010dky\t\t            <\/h5>\n\t\t        \t\t        \t\t            <h4 class=\"mkdf-banner-title\" style=\"margin-top: -3px\">\n\t\t                Hlavn\u00ed trhy\t                <\/h4>\n\t\t        \t\t\t\t                    <a itemprop=\"url\" href=\"https:\/\/www.monteferrolamiera.it\/cs\/produkty-a-sluzby\/#main-markets\" target=\"_self\"  class=\"mkdf-btn mkdf-btn-medium mkdf-btn-simple\"  >\n    <span class=\"mkdf-btn-text\"><\/span>\n    <\/a>\t\t        \t\t\t<\/div>\n\t\t<\/div>\n\t<\/div>\n\t        <a itemprop=\"url\" class=\"mkdf-banner-link\" href=\"https:\/\/www.monteferrolamiera.it\/cs\/produkty-a-sluzby\/#main-markets\" target=\"_self\"><\/a>\n    <div class=\"mkdf-banner-bottom-line\" ><\/div>\n<\/div>[vc_empty_space][\/vc_column][vc_column width=&#8221;1\/3&#8243;]<div class=\"mkdf-banner-holder  mkdf-hover-background-color mkdf-banner-info-default\">\n    <div class=\"mkdf-banner-image\">\n            <\/div>\n    <div class=\"mkdf-banner-text-holder\" style=\"padding: 35px 22px 31px 0\">\n\t    <div class=\"mkdf-banner-text-outer\">\n\t\t    <div class=\"mkdf-banner-text-inner\">\n\t\t        \t\t            <h5 class=\"mkdf-banner-subtitle\" style=\"font-size: 12px\">\n\t\t\t            Logistick\u00e1 \u0159e\u0161en\u00ed\t\t            <\/h5>\n\t\t        \t\t        \t\t            <h4 class=\"mkdf-banner-title\" style=\"margin-top: -3px\">\n\t\t                Logistick\u00e9 slu\u017eby\t                <\/h4>\n\t\t        \t\t\t\t                    <a itemprop=\"url\" href=\"https:\/\/www.monteferrolamiera.it\/prodotti-e-servizi\/#logistics-services\" target=\"_self\"  class=\"mkdf-btn mkdf-btn-medium mkdf-btn-simple\"  >\n    <span class=\"mkdf-btn-text\"><\/span>\n    <\/a>\t\t        \t\t\t<\/div>\n\t\t<\/div>\n\t<\/div>\n\t        <a itemprop=\"url\" class=\"mkdf-banner-link\" href=\"https:\/\/www.monteferrolamiera.it\/prodotti-e-servizi\/#logistics-services\" target=\"_self\"><\/a>\n    <div class=\"mkdf-banner-bottom-line\" ><\/div>\n<\/div>[vc_empty_space][\/vc_column][\/vc_row][vc_row row_btt_skin=&#8221;light&#8221; row_background_text_position=&#8221;front&#8221; row_skin=&#8221;dark&#8221; css=&#8221;.vc_custom_1618393951536{padding-top: 100px !important;}&#8221; el_class=&#8221;empty-space-lg&#8221;][vc_column][\/vc_column][\/vc_row][vc_row row_content_width=&#8221;grid&#8221; row_btt_skin=&#8221;light&#8221; enable_bg_pattern=&#8221;yes&#8221; row_background_text_position=&#8221;front&#8221; row_skin=&#8221;dark&#8221; css=&#8221;.vc_custom_1619007158585{padding-top: 40px !important;padding-bottom: 50px !important;}&#8221; el_class=&#8221;inverse-pattern&#8221; el_id=&#8221;technical-solution&#8221;][vc_column offset=&#8221;vc_col-lg-offset-0 vc_col-lg-12 vc_col-md-offset-0 vc_col-md-12 vc_col-sm-offset-0&#8243;]<div class=\"mkdf-elements-holder   mkdf-two-columns  mkdf-responsive-mode-1024 \" ><div class=\"mkdf-eh-item    \"  data-item-class=\"mkdf-eh-custom-3665\" data-1367-1600=\"0px 120px 8px 50px\" data-1025-1366=\"0px 21px 4px 40px\" data-769-1024=\"57px 260px 0 0px\" data-681-768=\"57px 120px 0 0px\" data-680=\"0px 0px 0 0px\">\n\t<div class=\"mkdf-eh-item-inner\">\n\t\t<div class=\"mkdf-eh-item-content mkdf-eh-custom-3665\" style=\"padding: 0px 90px 8px 80px\">\n\t\t\t<div class=\"mkdf-section-title-holder  mkdf-st-standard mkdf-st-title-left mkdf-st-normal-space \" >\n\t<div class=\"mkdf-st-inner\">\n                    <h6 class=\"mkdf-st-intro-title\" style=\"color: #e42828\">\n                Na\u0161e technick\u00e1 \u0159e\u0161en\u00ed            <\/h6>\n        \t\t\t\t\t<h2 class=\"mkdf-st-title\" style=\"color: #1b1b1b\">\n\t\t\t\tTechnick\u00e1 \u0159e\u0161en\u00ed<br \/>\t\t\t<\/h2>\n\t\t\t\t\t\t\t<h5 class=\"mkdf-st-text\" style=\"color: #232323;font-size: 18px;line-height: 24px;font-weight: 400;margin-top: 21px\">\n\t\t\t\t<p class=\"p1\"><span class=\"s1\">V\u00fdte\u010dnost Monteferro Group vznik\u00e1 d\u00edky <strong>ur\u010den\u00ed po\u017eadavk\u016f<\/strong> a <strong>maxim\u00e1ln\u00edmu upraven\u00ed slu\u017eby podle pot\u0159eb Z\u00e1kazn\u00edka<\/strong>, a to za pou\u017eit\u00ed <strong>inovativn\u00edch technick\u00fdch \u0159e\u0161en\u00ed na m\u00edru<\/strong> (integrated supplier).<\/span><\/p>\n<p class=\"p1\"><b>Monteferro Group <\/b>m\u00e1 mnoholet\u00e9 zku\u0161enosti <b>v oblasti v\u00fdtah\u016f<\/b> a sm\u011b\u0159uje svoje investice do v\u00fdvoje <b>vnit\u0159n\u00edch in\u017een\u00fdrsk\u00fdch dovednost\u00ed <\/b>a do <b>parku stroj\u016f<\/b>, kter\u00fd dok\u00e1\u017ee uskute\u010dnit <b>transverz\u00e1ln\u00ed<\/b> <b>procesy<\/b> a zajistit tak pln\u00fd cyklus dod\u00e1n\u00ed, od <b>v\u00fdb\u011bru surovin<\/b> po <b>mont\u00e1\u017e a logistickou slu\u017ebu<\/b>.<\/p>\n<p class=\"p1\">Desetilet\u00e1 zku\u0161enost v oboru <b>plechov\u00fdch component<\/b> <span class=\"s2\">(metal sheets component) <\/span><b>a<\/b> <b>vynikaj\u00edc\u00ed park stroj\u016f<\/b> umo\u017e\u0148uj\u00ed Monteferro Group <b>nab\u00edzet technologick\u00e1 \u0159e\u0161en\u00ed<\/b> pro spln\u011bn\u00ed specifick\u00fdch pot\u0159eb ka\u017ed\u00e9ho Z\u00e1kazn\u00edka.<\/p>\n\t\t\t<\/h5>\n\t\t\t<\/div>\n<\/div>\t\t<\/div>\n\t<\/div>\n<\/div><div class=\"mkdf-eh-item    \"  data-item-class=\"mkdf-eh-custom-2512\" data-1367-1600=\"0px 10px 0 0px\" data-1025-1366=\"0px 0px 0 0px\" data-769-1024=\"0px 0px 0 0px\" data-681-768=\"0px 0px 0 0px\" data-680=\"0px 0px 0 0px\">\n\t<div class=\"mkdf-eh-item-inner\">\n\t\t<div class=\"mkdf-eh-item-content mkdf-eh-custom-2512\" style=\"padding: 0 0 0 0\">\n\t\t\t<div class=\"mkdf-single-image-holder   \">\n    <div class=\"mkdf-si-inner\" >\n                                    <img loading=\"lazy\" decoding=\"async\" width=\"1200\" height=\"800\" src=\"https:\/\/www.monteferrolamiera.it\/wp-content\/uploads\/2021\/04\/monteferrolamiera-m-IMG_4709.jpg\" class=\"attachment-full size-full\" alt=\"Monteferro Lamiera Technical Solution\" srcset=\"https:\/\/www.monteferrolamiera.it\/wp-content\/uploads\/2021\/04\/monteferrolamiera-m-IMG_4709.jpg 1200w, https:\/\/www.monteferrolamiera.it\/wp-content\/uploads\/2021\/04\/monteferrolamiera-m-IMG_4709-300x200.jpg 300w, https:\/\/www.monteferrolamiera.it\/wp-content\/uploads\/2021\/04\/monteferrolamiera-m-IMG_4709-1024x683.jpg 1024w, https:\/\/www.monteferrolamiera.it\/wp-content\/uploads\/2021\/04\/monteferrolamiera-m-IMG_4709-768x512.jpg 768w\" sizes=\"auto, (max-width: 1200px) 100vw, 1200px\" \/>                        <\/div>\n<\/div>\t\t<\/div>\n\t<\/div>\n<\/div><\/div>[\/vc_column][\/vc_row][vc_row row_btt_skin=&#8221;light&#8221; row_background_text_position=&#8221;front&#8221; row_skin=&#8221;dark&#8221; css=&#8221;.vc_custom_1618393951536{padding-top: 100px !important;}&#8221; el_class=&#8221;empty-space-lg&#8221;][vc_column][\/vc_column][\/vc_row][vc_row row_content_width=&#8221;grid&#8221; row_btt_skin=&#8221;light&#8221; enable_bg_pattern=&#8221;yes&#8221; row_background_text_position=&#8221;front&#8221; row_skin=&#8221;dark&#8221; css=&#8221;.vc_custom_1619007171667{padding-top: 40px !important;padding-bottom: 50px !important;}&#8221; el_class=&#8221;bg-pattern pattern-text-element&#8221; el_id=&#8221;main-markets&#8221;][vc_column offset=&#8221;vc_col-lg-offset-0 vc_col-lg-12 vc_col-md-offset-0 vc_col-md-12 vc_col-sm-offset-0&#8243;]<div class=\"mkdf-elements-holder   mkdf-two-columns  mkdf-responsive-mode-1024 \" ><div class=\"mkdf-eh-item    \"  data-item-class=\"mkdf-eh-custom-7317\" data-1367-1600=\"0px 10px 0 0px\" data-1025-1366=\"0px 0px 0 0px\" data-769-1024=\"0px 0px 0 0px\" data-681-768=\"0px 0px 0 0px\" data-680=\"0px 0px 0 0px\">\n\t<div class=\"mkdf-eh-item-inner\">\n\t\t<div class=\"mkdf-eh-item-content mkdf-eh-custom-7317\" style=\"padding: 0 0 0 0\">\n\t\t\t<div class=\"mkdf-single-image-holder   \">\n    <div class=\"mkdf-si-inner\" >\n                                    <img loading=\"lazy\" decoding=\"async\" width=\"1200\" height=\"800\" src=\"https:\/\/www.monteferrolamiera.it\/wp-content\/uploads\/2021\/05\/ml-m-markets-1.jpg\" class=\"attachment-full size-full\" alt=\"Monteferro Lamiera Markets\" srcset=\"https:\/\/www.monteferrolamiera.it\/wp-content\/uploads\/2021\/05\/ml-m-markets-1.jpg 1200w, https:\/\/www.monteferrolamiera.it\/wp-content\/uploads\/2021\/05\/ml-m-markets-1-300x200.jpg 300w, https:\/\/www.monteferrolamiera.it\/wp-content\/uploads\/2021\/05\/ml-m-markets-1-1024x683.jpg 1024w, https:\/\/www.monteferrolamiera.it\/wp-content\/uploads\/2021\/05\/ml-m-markets-1-768x512.jpg 768w\" sizes=\"auto, (max-width: 1200px) 100vw, 1200px\" \/>                        <\/div>\n<\/div>\t\t<\/div>\n\t<\/div>\n<\/div><div class=\"mkdf-eh-item    \"  data-item-class=\"mkdf-eh-custom-4787\" data-1367-1600=\"0px 120px 8px 50px\" data-1025-1366=\"0px 21px 4px 40px\" data-769-1024=\"57px 260px 0 0px\" data-681-768=\"57px 120px 0 0px\" data-680=\"57px 0px 0 0px\">\n\t<div class=\"mkdf-eh-item-inner\">\n\t\t<div class=\"mkdf-eh-item-content mkdf-eh-custom-4787\" style=\"padding: 0px 90px 8px 80px\">\n\t\t\t<div class=\"mkdf-section-title-holder  mkdf-st-standard mkdf-st-title-left mkdf-st-normal-space \" >\n\t<div class=\"mkdf-st-inner\">\n                    <h6 class=\"mkdf-st-intro-title\" style=\"color: #e42828\">\n                Mezin\u00e1rodn\u00ed pobo\u010dky            <\/h6>\n        \t\t\t\t\t<h2 class=\"mkdf-st-title\" style=\"color: #1b1b1b\">\n\t\t\t\tHlavn\u00ed trhy<br \/>\t\t\t<\/h2>\n\t\t\t\t\t\t\t<h5 class=\"mkdf-st-text\" style=\"color: #232323;font-size: 18px;line-height: 24px;font-weight: 400;margin-top: 21px\">\n\t\t\t\t<p class=\"p1\">Spole\u010dnost Monteferro Group je <b>p\u0159\u00edtomn\u00e1 na evropsk\u00e9m trhu<\/b>: m\u00e1 provozn\u00ed jednotky v\u00a0<b>\u010cR<\/b>, <b>It\u00e1lii<\/b> a ve <b>\u0160pan\u011blsku<\/b>.<\/p>\n<p class=\"p1\">Z\u00e1rove\u0148 je <b>p\u0159\u00edtomn\u00e1 v \u010c\u00edn\u011b, Braz\u00edlii<\/b> a <b>Severn\u00ed<\/b> <b>Americe<\/b>, kde spl\u0148uje m\u00edstn\u00ed po\u017eadavky a p\u0159itom zachov\u00e1v\u00e1 <b>\u201eglob\u00e1ln\u00ed\u201c vizi<\/b>. Je tak integrovan\u00e1 do lokality, ale sou\u010dasn\u011b je <b>otev\u0159en\u00e1 pro sv\u011btov\u00e9 trhy<\/b>.<\/p>\n<p class=\"p1\">Spole\u010dnost Monteferro Group byla p\u016fvodn\u011b zn\u00e1m\u00e1 v oblasti <b>komponent pro v\u00fdtahy<\/b>, ale <b>d\u00edky z\u00edskan\u00e9mu know-how, podnikavosti a<\/b> <b>dosa\u017een\u00fdm v\u00fdsledk\u016fm<\/b> nyn\u00ed p\u016fsob\u00ed na r\u016fzn\u00fdch trz\u00edch, p\u0159edev\u0161\u00edm v <b>automobilov\u00e9m<\/b> <b>pr\u016fmyslu <\/b>a<b> <\/b>v\u00a0oblasti <b>chlazen\u00ed<\/b>, a zam\u011b\u0159uje se \u010d\u00edm d\u00e1l v\u00edce na <b>uspokojen\u00ed pot\u0159eb Z\u00e1kazn\u00edk\u016f<\/b>.<\/p>\n\t\t\t<\/h5>\n\t\t\t<\/div>\n<\/div>\t\t<\/div>\n\t<\/div>\n<\/div><\/div>[\/vc_column][\/vc_row][vc_row row_content_width=&#8221;grid&#8221; row_btt_skin=&#8221;light&#8221; row_background_text_position=&#8221;front&#8221; row_skin=&#8221;dark&#8221; css=&#8221;.vc_custom_1619007201201{padding-top: 100px !important;}&#8221; el_class=&#8221;empty-space-lg&#8221; el_id=&#8221;logistics-services&#8221;][vc_column width=&#8221;1\/4&#8243;][\/vc_column][vc_column width=&#8221;1\/2&#8243;]<div class=\"mkdf-section-title-holder  mkdf-st-standard mkdf-st-title-left mkdf-st-normal-space \" >\n\t<div class=\"mkdf-st-inner\">\n                    <h6 class=\"mkdf-st-intro-title\" style=\"color: #e42828\">\n                Logistick\u00e1 \u0159e\u0161en\u00ed            <\/h6>\n        \t\t\t\t\t<h2 class=\"mkdf-st-title\" style=\"color: #1b1b1b\">\n\t\t\t\tLogistick\u00e9 slu\u017eby<br \/>\t\t\t<\/h2>\n\t\t\t\t\t\t\t<h5 class=\"mkdf-st-text\" style=\"color: #232323;font-size: 18px;line-height: 24px;font-weight: 400;margin-top: 21px\">\n\t\t\t\t<p class=\"p1\">Monteferro Group dok\u00e1\u017ee poskytovat i <b>logistick\u00e1 \u0159e\u0161en\u00ed<\/b> <b>day-by-day<\/b> v souladu s po\u017eadavky ka\u017ed\u00e9ho Z\u00e1kazn\u00edka, co\u017e zaru\u010duje flexibiln\u00ed a <b>maxim\u00e1ln\u011b p\u0159izp\u016fsobenou<\/b> slu\u017ebu.<\/p>\n<p class=\"p1\">D\u00edky r\u016fznorod\u00fdm logistick\u00fdm zku\u0161enostem a logistick\u00fdm centr\u016fm v\u00a0cel\u00e9 Evrop\u011b Monteferro Group organizuje dod\u00e1n\u00ed do <b>nejd\u016fle\u017eit\u011bj\u0161\u00edch evropsk\u00fdch destinac\u00ed<\/b>.<\/p>\n\t\t\t<\/h5>\n\t\t\t<\/div>\n<\/div>[\/vc_column][vc_column width=&#8221;1\/4&#8243;][\/vc_column][\/vc_row][vc_row row_btt_skin=&#8221;light&#8221; row_background_text_position=&#8221;front&#8221; row_skin=&#8221;dark&#8221; css=&#8221;.vc_custom_1618400946413{padding-top: 75px !important;}&#8221; el_class=&#8221;empty-space-md&#8221;][vc_column][\/vc_column][\/vc_row][vc_row row_content_width=&#8221;grid&#8221; row_btt_skin=&#8221;light&#8221; row_background_text_position=&#8221;front&#8221;][vc_column]<div class=\"mkdf-image-gallery  mkdf-ig-slider-type mkdf-three-columns mkdf-normal-space   mkdf-slider-overflow-visible\">\n\t<div class=\"mkdf-ig-slider mkdf-owl-slider\" data-number-of-items=\"1\" data-enable-loop=\"yes\" data-enable-autoplay=\"yes\" data-slider-speed=\"5000\" data-slider-speed-animation=\"600\" data-slider-padding=\"no\" data-enable-navigation=\"yes\" data-enable-pagination=\"no\">\n\t\t\t\t\t<div class=\"mkdf-ig-image\">\n\t\t\t\t\t\t\t\t\t<img loading=\"lazy\" decoding=\"async\" width=\"1471\" height=\"731\" src=\"https:\/\/www.monteferrolamiera.it\/wp-content\/uploads\/2021\/04\/monteferrolamiera-m-IMG_4969.jpg\" class=\"attachment-full size-full\" alt=\"Monteferro Lamiera logistica\" srcset=\"https:\/\/www.monteferrolamiera.it\/wp-content\/uploads\/2021\/04\/monteferrolamiera-m-IMG_4969.jpg 1471w, https:\/\/www.monteferrolamiera.it\/wp-content\/uploads\/2021\/04\/monteferrolamiera-m-IMG_4969-300x149.jpg 300w, https:\/\/www.monteferrolamiera.it\/wp-content\/uploads\/2021\/04\/monteferrolamiera-m-IMG_4969-1024x509.jpg 1024w, https:\/\/www.monteferrolamiera.it\/wp-content\/uploads\/2021\/04\/monteferrolamiera-m-IMG_4969-768x382.jpg 768w\" sizes=\"auto, (max-width: 1471px) 100vw, 1471px\" \/>\t\t\t\t\t\t\t<\/div>\n\t\t\t\t\t<div class=\"mkdf-ig-image\">\n\t\t\t\t\t\t\t\t\t<img loading=\"lazy\" decoding=\"async\" width=\"1471\" height=\"731\" src=\"https:\/\/www.monteferrolamiera.it\/wp-content\/uploads\/2021\/04\/monteferrolamiera-m-IMG_4799.jpg\" class=\"attachment-full size-full\" alt=\"Monteferro Lamiera logistica\" srcset=\"https:\/\/www.monteferrolamiera.it\/wp-content\/uploads\/2021\/04\/monteferrolamiera-m-IMG_4799.jpg 1471w, https:\/\/www.monteferrolamiera.it\/wp-content\/uploads\/2021\/04\/monteferrolamiera-m-IMG_4799-300x149.jpg 300w, https:\/\/www.monteferrolamiera.it\/wp-content\/uploads\/2021\/04\/monteferrolamiera-m-IMG_4799-1024x509.jpg 1024w, https:\/\/www.monteferrolamiera.it\/wp-content\/uploads\/2021\/04\/monteferrolamiera-m-IMG_4799-768x382.jpg 768w\" sizes=\"auto, (max-width: 1471px) 100vw, 1471px\" \/>\t\t\t\t\t\t\t<\/div>\n\t\t\t\t\t<div class=\"mkdf-ig-image\">\n\t\t\t\t\t\t\t\t\t<img loading=\"lazy\" decoding=\"async\" width=\"1471\" height=\"731\" src=\"https:\/\/www.monteferrolamiera.it\/wp-content\/uploads\/2021\/04\/monteferrolamiera-m-IMG_4778.jpg\" class=\"attachment-full size-full\" alt=\"Monteferro Lamiera logistica\" srcset=\"https:\/\/www.monteferrolamiera.it\/wp-content\/uploads\/2021\/04\/monteferrolamiera-m-IMG_4778.jpg 1471w, https:\/\/www.monteferrolamiera.it\/wp-content\/uploads\/2021\/04\/monteferrolamiera-m-IMG_4778-300x149.jpg 300w, https:\/\/www.monteferrolamiera.it\/wp-content\/uploads\/2021\/04\/monteferrolamiera-m-IMG_4778-1024x509.jpg 1024w, https:\/\/www.monteferrolamiera.it\/wp-content\/uploads\/2021\/04\/monteferrolamiera-m-IMG_4778-768x382.jpg 768w\" sizes=\"auto, (max-width: 1471px) 100vw, 1471px\" \/>\t\t\t\t\t\t\t<\/div>\n\t\t\t\t\t<div class=\"mkdf-ig-image\">\n\t\t\t\t\t\t\t\t\t<img loading=\"lazy\" decoding=\"async\" width=\"1471\" height=\"731\" src=\"https:\/\/www.monteferrolamiera.it\/wp-content\/uploads\/2021\/04\/monteferrolamiera-m-IMG_4973.jpg\" class=\"attachment-full size-full\" alt=\"Monteferro Lamiera logistica\" srcset=\"https:\/\/www.monteferrolamiera.it\/wp-content\/uploads\/2021\/04\/monteferrolamiera-m-IMG_4973.jpg 1471w, https:\/\/www.monteferrolamiera.it\/wp-content\/uploads\/2021\/04\/monteferrolamiera-m-IMG_4973-300x149.jpg 300w, https:\/\/www.monteferrolamiera.it\/wp-content\/uploads\/2021\/04\/monteferrolamiera-m-IMG_4973-1024x509.jpg 1024w, https:\/\/www.monteferrolamiera.it\/wp-content\/uploads\/2021\/04\/monteferrolamiera-m-IMG_4973-768x382.jpg 768w\" sizes=\"auto, (max-width: 1471px) 100vw, 1471px\" \/>\t\t\t\t\t\t\t<\/div>\n\t\t\t<\/div>\n<\/div>[\/vc_column][\/vc_row][vc_row row_btt_skin=&#8221;light&#8221; row_background_text_position=&#8221;front&#8221; row_skin=&#8221;dark&#8221; css=&#8221;.vc_custom_1618393951536{padding-top: 100px !important;}&#8221; el_class=&#8221;empty-space-lg&#8221;][vc_column][\/vc_column][\/vc_row]<\/p>\n","protected":false},"excerpt":{"rendered":"<p>[vc_row row_content_width=&#8221;grid&#8221; row_btt_skin=&#8221;light&#8221; row_background_text_position=&#8221;front&#8221; row_background_text_align=&#8221;left&#8221; row_skin=&#8221;dark&#8221; row_background_text_1=&#8221;Monteferro&#8221; row_background_text_size=&#8221;180px&#8221; row_background_text_padding_left=&#8221;0px&#8221; row_background_text_padding_top=&#8221;64px&#8221; row_background_text_color=&#8221;#dedfe0&#8243; row_background_text_padding_left_1440=&#8221;0%&#8221; row_background_text_size_1440=&#8221;180px&#8221; row_background_text_size_1280=&#8221;180px&#8221; row_background_text_padding_left_1280=&#8221;0%&#8221;][vc_column][\/vc_column][\/vc_row][vc_row row_content_width=&#8221;grid&#8221; row_btt_skin=&#8221;light&#8221; row_background_text_position=&#8221;front&#8221;][vc_column width=&#8221;1\/3&#8243;][vc_empty_space][\/vc_column][vc_column width=&#8221;1\/3&#8243;][vc_empty_space][\/vc_column][vc_column width=&#8221;1\/3&#8243;][vc_empty_space][\/vc_column][\/vc_row][vc_row row_btt_skin=&#8221;light&#8221; row_background_text_position=&#8221;front&#8221; row_skin=&#8221;dark&#8221; css=&#8221;.vc_custom_1618393951536{padding-top: 100px !important;}&#8221; el_class=&#8221;empty-space-lg&#8221;][vc_column][\/vc_column][\/vc_row][vc_row row_content_width=&#8221;grid&#8221; row_btt_skin=&#8221;light&#8221; enable_bg_pattern=&#8221;yes&#8221; row_background_text_position=&#8221;front&#8221; row_skin=&#8221;dark&#8221; css=&#8221;.vc_custom_1619007158585{padding-top: 40px !important;padding-bottom: 50px !important;}&#8221; el_class=&#8221;inverse-pattern&#8221; el_id=&#8221;technical-solution&#8221;][vc_column [&hellip;]<\/p>\n","protected":false},"author":1,"featured_media":0,"parent":0,"menu_order":0,"comment_status":"closed","ping_status":"closed","template":"full-width.php","meta":{"footnotes":""},"class_list":["post-7237","page","type-page","status-publish","hentry"],"_links":{"self":[{"href":"https:\/\/www.monteferrolamiera.it\/cs\/wp-json\/wp\/v2\/pages\/7237","targetHints":{"allow":["GET"]}}],"collection":[{"href":"https:\/\/www.monteferrolamiera.it\/cs\/wp-json\/wp\/v2\/pages"}],"about":[{"href":"https:\/\/www.monteferrolamiera.it\/cs\/wp-json\/wp\/v2\/types\/page"}],"author":[{"embeddable":true,"href":"https:\/\/www.monteferrolamiera.it\/cs\/wp-json\/wp\/v2\/users\/1"}],"replies":[{"embeddable":true,"href":"https:\/\/www.monteferrolamiera.it\/cs\/wp-json\/wp\/v2\/comments?post=7237"}],"version-history":[{"count":4,"href":"https:\/\/www.monteferrolamiera.it\/cs\/wp-json\/wp\/v2\/pages\/7237\/revisions"}],"predecessor-version":[{"id":7258,"href":"https:\/\/www.monteferrolamiera.it\/cs\/wp-json\/wp\/v2\/pages\/7237\/revisions\/7258"}],"wp:attachment":[{"href":"https:\/\/www.monteferrolamiera.it\/cs\/wp-json\/wp\/v2\/media?parent=7237"}],"curies":[{"name":"wp","href":"https:\/\/api.w.org\/{rel}","templated":true}]}}