{"id":7241,"date":"2021-04-14T11:58:29","date_gmt":"2021-04-14T11:58:29","guid":{"rendered":"https:\/\/www.monteferrolamiera.it\/qualita-e-sostenibilita\/"},"modified":"2021-06-09T12:25:25","modified_gmt":"2021-06-09T12:25:25","slug":"kvalita-a-udrzitelnost","status":"publish","type":"page","link":"https:\/\/www.monteferrolamiera.it\/cs\/kvalita-a-udrzitelnost\/","title":{"rendered":"Kvalita &#038; Udr\u017eitelnost"},"content":{"rendered":"<p>[vc_row row_btt_skin=&#8221;light&#8221; row_background_text_position=&#8221;front&#8221; row_skin=&#8221;dark&#8221; css=&#8221;.vc_custom_1618393951536{padding-top: 100px !important;}&#8221; el_class=&#8221;empty-space-lg&#8221;][vc_column][\/vc_column][\/vc_row][vc_row row_content_width=&#8221;grid&#8221; row_btt_skin=&#8221;light&#8221; row_background_text_position=&#8221;front&#8221; row_skin=&#8221;dark&#8221; el_class=&#8221;inverse-pattern&#8221;][vc_column offset=&#8221;vc_col-lg-offset-0 vc_col-lg-12 vc_col-md-offset-0 vc_col-md-12 vc_col-sm-offset-0&#8243;]<div class=\"mkdf-elements-holder   mkdf-two-columns  mkdf-responsive-mode-1024 \" ><div class=\"mkdf-eh-item    \"  data-item-class=\"mkdf-eh-custom-2157\" data-1367-1600=\"0px 120px 8px 0px\" data-1025-1366=\"0px 21px 4px 0px\" data-769-1024=\"57px 260px 0 0px\" data-681-768=\"57px 120px 0 0px\" data-680=\"0px 0px 0 0px\">\n\t<div class=\"mkdf-eh-item-inner\">\n\t\t<div class=\"mkdf-eh-item-content mkdf-eh-custom-2157\" style=\"padding: 0px 90px 8px 80px\">\n\t\t\t<div class=\"mkdf-section-title-holder  mkdf-st-standard mkdf-st-title-left mkdf-st-normal-space \" >\n\t<div class=\"mkdf-st-inner\">\n                    <h6 class=\"mkdf-st-intro-title\" style=\"color: #e42828\">\n                Konkr\u00e9tn\u00ed opat\u0159en\u00ed v oblasti udr\u017eitelnosti            <\/h6>\n        \t\t\t\t\t<h2 class=\"mkdf-st-title\" style=\"color: #1b1b1b\">\n\t\t\t\tD\u00e1v\u00e1me pozor<br \/> na politiku udr\u017eitelnosti a konkr\u00e9tn\u00ed opat\u0159en\u00ed\t\t\t<\/h2>\n\t\t\t\t\t\t\t<h5 class=\"mkdf-st-text\" style=\"color: #232323;font-size: 18px;line-height: 24px;font-weight: 400;margin-top: 21px\">\n\t\t\t\t<p class=\"p1\">Uv\u011bdom\u011bn\u00ed <b>dopadu v\u00fdrobn\u00edch cykl\u016f a v\u00fdrobk\u016f na \u017eivotn\u00ed prost\u0159ed\u00ed <\/b>je z\u00e1kladn\u00edm bodem <b>politiky udr\u017eitelnosti a kvality<\/b> Monteferro Group.<\/p>\n\t\t\t<\/h5>\n\t\t\t<\/div>\n<\/div>\t\t<\/div>\n\t<\/div>\n<\/div><div class=\"mkdf-eh-item    \"  data-item-class=\"mkdf-eh-custom-7045\" data-1367-1600=\"0px 10px 0 0px\" data-1025-1366=\"0px 0px 0 0px\" data-769-1024=\"0px 0px 0 0px\" data-681-768=\"0px 0px 0 0px\" data-680=\"0px 0px 0 0px\">\n\t<div class=\"mkdf-eh-item-inner\">\n\t\t<div class=\"mkdf-eh-item-content mkdf-eh-custom-7045\" style=\"padding: 0 0 0 0\">\n\t\t\t<div class=\"mkdf-single-image-holder   \">\n    <div class=\"mkdf-si-inner\" >\n                                    <img loading=\"lazy\" decoding=\"async\" width=\"1200\" height=\"800\" src=\"https:\/\/www.monteferrolamiera.it\/wp-content\/uploads\/2021\/05\/ml-m-recycle-1.jpg\" class=\"attachment-full size-full\" alt=\"Monteferro Lamiera Recycle\" srcset=\"https:\/\/www.monteferrolamiera.it\/wp-content\/uploads\/2021\/05\/ml-m-recycle-1.jpg 1200w, https:\/\/www.monteferrolamiera.it\/wp-content\/uploads\/2021\/05\/ml-m-recycle-1-300x200.jpg 300w, https:\/\/www.monteferrolamiera.it\/wp-content\/uploads\/2021\/05\/ml-m-recycle-1-1024x683.jpg 1024w, https:\/\/www.monteferrolamiera.it\/wp-content\/uploads\/2021\/05\/ml-m-recycle-1-768x512.jpg 768w\" sizes=\"auto, (max-width: 1200px) 100vw, 1200px\" \/>                        <\/div>\n<\/div>\t\t<\/div>\n\t<\/div>\n<\/div><\/div>[\/vc_column][\/vc_row][vc_row row_btt_skin=&#8221;light&#8221; row_background_text_position=&#8221;front&#8221; row_skin=&#8221;dark&#8221; css=&#8221;.vc_custom_1618393892525{padding-top: 100px !important;}&#8221; el_class=&#8221;empty-space-lg&#8221;][vc_column][\/vc_column][\/vc_row][vc_row row_content_width=&#8221;grid&#8221; row_btt_skin=&#8221;light&#8221; disable_background_image=&#8221;&#8221; row_background_text_position=&#8221;front&#8221; row_skin=&#8221;dark&#8221; css=&#8221;.vc_custom_1619013149278{padding-top: 113px !important;padding-bottom: 113px !important;}&#8221; simple_background_image=&#8221;7027&#8243;][vc_column offset=&#8221;vc_col-lg-offset-6 vc_col-lg-6&#8243; css=&#8221;.vc_custom_1552990378674{padding-right: 15px !important;padding-left: 28px !important;}&#8221; el_class=&#8221;.mkdf-different-button-hover&#8221;]<div class=\"mkdf-elements-holder   mkdf-one-column  mkdf-responsive-mode-768 \" ><div class=\"mkdf-eh-item    \" style=\"background-color: #e42828\" data-item-class=\"mkdf-eh-custom-2310\" data-1367-1600=\"76px 100px 85px 106px\" data-1025-1366=\"76px 90px 85px 90px\" data-769-1024=\"76px 280px 85px 86px\" data-681-768=\"76px 110px 85px 120px\" data-680=\"35px 20px 45px 22px\">\n\t<div class=\"mkdf-eh-item-inner\">\n\t\t<div class=\"mkdf-eh-item-content mkdf-eh-custom-2310\" style=\"padding: 76px 100px 85px 106px\">\n\t\t\t<div class=\"mkdf-section-title-holder  mkdf-st-standard mkdf-st-title-left mkdf-st-normal-space \" >\n\t<div class=\"mkdf-st-inner\">\n                    <h6 class=\"mkdf-st-intro-title\" style=\"color: #ffffff\">\n                Zelen\u00e1 vize v\u00fdrobn\u00edho cyklu            <\/h6>\n        \t\t\t\t\t<h2 class=\"mkdf-st-title\" style=\"color: #ffffff\">\n\t\t\t\tKlademe d\u016fraz<br \/> na zelenou vizi\t\t\t<\/h2>\n\t\t\t\t\t\t\t<h5 class=\"mkdf-st-text\" style=\"color: #ffffff;font-size: 18px;line-height: 24px;font-weight: 300;margin-top: 21px\">\n\t\t\t\t<p class=\"p1\" style=\"color: white !important;\">Vynikaj\u00edc\u00ed kvalita v\u00fdroby a integrace <b>syst\u00e9mu Monteferro Group<\/b> tvo\u0159\u00ed z\u00e1klady <b>rozvoje spole\u010dnosti v oblasti udr\u017eitelnosti<\/b>.<\/p>\n\t\t\t<\/h5>\n\t\t\t<\/div>\n<\/div>\t\t<\/div>\n\t<\/div>\n<\/div><\/div>[\/vc_column][\/vc_row][vc_row row_btt_skin=&#8221;light&#8221; row_background_text_position=&#8221;front&#8221; row_skin=&#8221;dark&#8221; css=&#8221;.vc_custom_1618393986143{padding-top: 100px !important;}&#8221; el_class=&#8221;empty-space-lg&#8221;][vc_column][\/vc_column][\/vc_row][vc_row row_content_width=&#8221;grid&#8221; row_btt_skin=&#8221;light&#8221; row_background_text_position=&#8221;front&#8221; row_skin=&#8221;dark&#8221; el_class=&#8221;pattern-text-element&#8221;][vc_column offset=&#8221;vc_col-lg-offset-0 vc_col-lg-12 vc_col-md-offset-0 vc_col-md-12 vc_col-sm-offset-0&#8243;]<div class=\"mkdf-elements-holder   mkdf-two-columns  mkdf-responsive-mode-1024 \" ><div class=\"mkdf-eh-item    \"  data-item-class=\"mkdf-eh-custom-7957\" data-1367-1600=\"0px 10px 0 0px\" data-1025-1366=\"0px 0px 0 0px\" data-769-1024=\"0px 0px 0 0px\" data-681-768=\"0px 0px 0 0px\" data-680=\"0px 0px 0 0px\">\n\t<div class=\"mkdf-eh-item-inner\">\n\t\t<div class=\"mkdf-eh-item-content mkdf-eh-custom-7957\" style=\"padding: 0 0 0 0\">\n\t\t\t<div class=\"mkdf-single-image-holder   \">\n    <div class=\"mkdf-si-inner\" >\n                                    <img loading=\"lazy\" decoding=\"async\" width=\"1200\" height=\"800\" src=\"https:\/\/www.monteferrolamiera.it\/wp-content\/uploads\/2021\/04\/m-recycle-2.jpg\" class=\"attachment-full size-full\" alt=\"Monteferro Lamiera Recycle\" srcset=\"https:\/\/www.monteferrolamiera.it\/wp-content\/uploads\/2021\/04\/m-recycle-2.jpg 1200w, https:\/\/www.monteferrolamiera.it\/wp-content\/uploads\/2021\/04\/m-recycle-2-300x200.jpg 300w, https:\/\/www.monteferrolamiera.it\/wp-content\/uploads\/2021\/04\/m-recycle-2-1024x683.jpg 1024w, https:\/\/www.monteferrolamiera.it\/wp-content\/uploads\/2021\/04\/m-recycle-2-768x512.jpg 768w\" sizes=\"auto, (max-width: 1200px) 100vw, 1200px\" \/>                        <\/div>\n<\/div>\t\t<\/div>\n\t<\/div>\n<\/div><div class=\"mkdf-eh-item    \"  data-item-class=\"mkdf-eh-custom-8184\" data-1367-1600=\"0px 120px 8px 50px\" data-1025-1366=\"0px 21px 4px 40px\" data-769-1024=\"57px 260px 0 0px\" data-681-768=\"57px 120px 0 0px\" data-680=\"57px 0px 0 0px\">\n\t<div class=\"mkdf-eh-item-inner\">\n\t\t<div class=\"mkdf-eh-item-content mkdf-eh-custom-8184\" style=\"padding: 0px 90px 8px 80px\">\n\t\t\t<div class=\"mkdf-section-title-holder  mkdf-st-standard mkdf-st-title-left mkdf-st-normal-space \" >\n\t<div class=\"mkdf-st-inner\">\n                    <h6 class=\"mkdf-st-intro-title\" style=\"color: #e42828\">\n                Odpov\u011bdn\u00fd p\u0159\u00edstup pro udr\u017eitelnou budoucnost            <\/h6>\n        \t\t\t\t\t<h2 class=\"mkdf-st-title\" style=\"color: #1b1b1b\">\n\t\t\t\tKa\u017ed\u00e1 \u010dinnost<br \/> mus\u00ed b\u00fdt ohledupln\u00e1 v\u016f\u010di planet\u011b\t\t\t<\/h2>\n\t\t\t\t\t\t\t<h5 class=\"mkdf-st-text\" style=\"color: #232323;font-size: 18px;line-height: 24px;font-weight: 400;margin-top: 21px\">\n\t\t\t\t<p class=\"p1\">Ohleduplnost Monteferro Group v\u016f\u010di <b>udr\u017eitelnosti<\/b> spole\u010dnost nad\u00e1le vyb\u00edz\u00ed k\u00a0podpo\u0159e a zkoum\u00e1n\u00ed dal\u0161\u00edch konkr\u00e9tn\u00edch opat\u0159en\u00ed v\u00a0r\u00e1mci <b>Evropsk\u00e9ho programu pro v\u00fdpo\u010det ekologick\u00e9 stopy.<\/b><\/p>\n\t\t\t<\/h5>\n\t\t\t<\/div>\n<\/div>\t\t<\/div>\n\t<\/div>\n<\/div><\/div>[\/vc_column][\/vc_row][vc_row row_btt_skin=&#8221;light&#8221; row_background_text_position=&#8221;front&#8221; row_skin=&#8221;dark&#8221; css=&#8221;.vc_custom_1618393986143{padding-top: 100px !important;}&#8221; el_class=&#8221;empty-space-lg&#8221;][vc_column][\/vc_column][\/vc_row]<\/p>\n","protected":false},"excerpt":{"rendered":"<p>[vc_row row_btt_skin=&#8221;light&#8221; row_background_text_position=&#8221;front&#8221; row_skin=&#8221;dark&#8221; css=&#8221;.vc_custom_1618393951536{padding-top: 100px !important;}&#8221; el_class=&#8221;empty-space-lg&#8221;][vc_column][\/vc_column][\/vc_row][vc_row row_content_width=&#8221;grid&#8221; row_btt_skin=&#8221;light&#8221; row_background_text_position=&#8221;front&#8221; row_skin=&#8221;dark&#8221; el_class=&#8221;inverse-pattern&#8221;][vc_column offset=&#8221;vc_col-lg-offset-0 vc_col-lg-12 vc_col-md-offset-0 vc_col-md-12 vc_col-sm-offset-0&#8243;][\/vc_column][\/vc_row][vc_row row_btt_skin=&#8221;light&#8221; row_background_text_position=&#8221;front&#8221; row_skin=&#8221;dark&#8221; css=&#8221;.vc_custom_1618393892525{padding-top: 100px !important;}&#8221; el_class=&#8221;empty-space-lg&#8221;][vc_column][\/vc_column][\/vc_row][vc_row row_content_width=&#8221;grid&#8221; row_btt_skin=&#8221;light&#8221; disable_background_image=&#8221;&#8221; row_background_text_position=&#8221;front&#8221; row_skin=&#8221;dark&#8221; css=&#8221;.vc_custom_1619013149278{padding-top: 113px !important;padding-bottom: 113px !important;}&#8221; simple_background_image=&#8221;7027&#8243;][vc_column offset=&#8221;vc_col-lg-offset-6 vc_col-lg-6&#8243; css=&#8221;.vc_custom_1552990378674{padding-right: 15px [&hellip;]<\/p>\n","protected":false},"author":1,"featured_media":0,"parent":0,"menu_order":0,"comment_status":"closed","ping_status":"closed","template":"full-width.php","meta":{"footnotes":""},"class_list":["post-7241","page","type-page","status-publish","hentry"],"_links":{"self":[{"href":"https:\/\/www.monteferrolamiera.it\/cs\/wp-json\/wp\/v2\/pages\/7241","targetHints":{"allow":["GET"]}}],"collection":[{"href":"https:\/\/www.monteferrolamiera.it\/cs\/wp-json\/wp\/v2\/pages"}],"about":[{"href":"https:\/\/www.monteferrolamiera.it\/cs\/wp-json\/wp\/v2\/types\/page"}],"author":[{"embeddable":true,"href":"https:\/\/www.monteferrolamiera.it\/cs\/wp-json\/wp\/v2\/users\/1"}],"replies":[{"embeddable":true,"href":"https:\/\/www.monteferrolamiera.it\/cs\/wp-json\/wp\/v2\/comments?post=7241"}],"version-history":[{"count":2,"href":"https:\/\/www.monteferrolamiera.it\/cs\/wp-json\/wp\/v2\/pages\/7241\/revisions"}],"predecessor-version":[{"id":7243,"href":"https:\/\/www.monteferrolamiera.it\/cs\/wp-json\/wp\/v2\/pages\/7241\/revisions\/7243"}],"wp:attachment":[{"href":"https:\/\/www.monteferrolamiera.it\/cs\/wp-json\/wp\/v2\/media?parent=7241"}],"curies":[{"name":"wp","href":"https:\/\/api.w.org\/{rel}","templated":true}]}}